{"id":87624,"date":"2022-04-28T14:00:13","date_gmt":"2022-04-28T12:00:13","guid":{"rendered":"https:\/\/nueva.avantarea.com\/?post_type=product&#038;p=87624"},"modified":"2026-02-23T08:45:27","modified_gmt":"2026-02-23T07:45:27","slug":"pack-perla-5-piezas-con-escobero-copia","status":"publish","type":"product","link":"https:\/\/avantarea.com\/fr\/producto\/pack-perla-5-piezas-con-escobero-copia\/","title":{"rendered":"Pack PERLA 5 pi\u00e8ces avec meuble balai"},"content":{"rendered":"<p>Pack PERLA 5 pi\u00e8ces avec porte-balai, couleur chrome, finition laiton. Type de fixation : \u00e0 visser.<\/p>\n","protected":false},"excerpt":{"rendered":"<p>Pack PERLA 5 pi\u00e8ces avec porte-balai, couleur chrome, finition laiton. Type de fixation : \u00e0 visser.<\/p>\n","protected":false},"featured_media":23080,"comment_status":"closed","ping_status":"open","template":"","meta":[],"product_brand":[895],"product_cat":[575],"product_tag":[],"class_list":{"0":"post-87624","1":"product","2":"type-product","3":"status-publish","4":"has-post-thumbnail","6":"product_brand-accesorios","7":"product_cat-accesorios","9":"first","10":"instock","11":"purchasable","12":"product-type-simple"},"_links":{"self":[{"href":"https:\/\/avantarea.com\/fr\/wp-json\/wp\/v2\/product\/87624","targetHints":{"allow":["GET"]}}],"collection":[{"href":"https:\/\/avantarea.com\/fr\/wp-json\/wp\/v2\/product"}],"about":[{"href":"https:\/\/avantarea.com\/fr\/wp-json\/wp\/v2\/types\/product"}],"replies":[{"embeddable":true,"href":"https:\/\/avantarea.com\/fr\/wp-json\/wp\/v2\/comments?post=87624"}],"wp:featuredmedia":[{"embeddable":true,"href":"https:\/\/avantarea.com\/fr\/wp-json\/wp\/v2\/media\/23080"}],"wp:attachment":[{"href":"https:\/\/avantarea.com\/fr\/wp-json\/wp\/v2\/media?parent=87624"}],"wp:term":[{"taxonomy":"product_brand","embeddable":true,"href":"https:\/\/avantarea.com\/fr\/wp-json\/wp\/v2\/product_brand?post=87624"},{"taxonomy":"product_cat","embeddable":true,"href":"https:\/\/avantarea.com\/fr\/wp-json\/wp\/v2\/product_cat?post=87624"},{"taxonomy":"product_tag","embeddable":true,"href":"https:\/\/avantarea.com\/fr\/wp-json\/wp\/v2\/product_tag?post=87624"}],"curies":[{"name":"wp","href":"https:\/\/api.w.org\/{rel}","templated":true}]}}