{"id":87589,"date":"2022-04-28T14:01:23","date_gmt":"2022-04-28T12:01:23","guid":{"rendered":"https:\/\/nueva.avantarea.com\/?post_type=product&#038;p=87589"},"modified":"2026-04-01T16:48:10","modified_gmt":"2026-04-01T14:48:10","slug":"pack-minervois-lavabo-espejo-led-copia","status":"publish","type":"product","link":"https:\/\/avantarea.com\/fr\/producto\/pack-minervois-lavabo-espejo-led-copia\/","title":{"rendered":"Pack MINERVOIS + lavabo + miroir LED"},"content":{"rendered":"<p>Cet ensemble comprend un meuble-lavabo suspendu, une vasque \u00e0 poser et un miroir \u00e9clair\u00e9. Le meuble-lavabo suspendu est fabriqu\u00e9 en panneaux de particules m\u00e9lamin\u00e9s de 19 mm d&rsquo;\u00e9paisseur et surmont\u00e9 d&rsquo;un plan de travail compact en marbre. Il est dot\u00e9 de tiroirs de grande capacit\u00e9 \u00e0 extension compl\u00e8te et \u00e0 fermeture amortie. La vasque \u00e0 poser est en c\u00e9ramique et disponible en plusieurs coloris. Le miroir int\u00e8gre un \u00e9clairage LED (IP54, 6000 K, 8,5 W, 920 lumens).     Il est livr\u00e9 assembl\u00e9, pr\u00eat \u00e0 \u00eatre accroch\u00e9 au mur. Comprend toute la quincaillerie n\u00e9cessaire. Fabriqu\u00e9 en Espagne. Robinet et siphon non inclus.<\/p>\n","protected":false},"excerpt":{"rendered":"<p>Cet ensemble comprend un meuble-lavabo suspendu, une vasque \u00e0 poser et un miroir \u00e9clair\u00e9. Le meuble-lavabo suspendu est fabriqu\u00e9 en panneaux de particules m\u00e9lamin\u00e9s de 19 mm d&rsquo;\u00e9paisseur et surmont\u00e9&#8230;<\/p>\n","protected":false},"featured_media":98386,"comment_status":"closed","ping_status":"closed","template":"","meta":[],"product_brand":[989],"product_cat":[1170],"product_tag":[],"class_list":{"0":"post-87589","1":"product","2":"type-product","3":"status-publish","4":"has-post-thumbnail","6":"product_brand-minervois","7":"product_cat-muebles-de-bano","8":"pa_color-azabache","9":"pa_color-bardolino","10":"pa_color-nogal","11":"pa_color-sombra","12":"pa_color-vert","13":"pa_medidas-369","14":"pa_medidas-378","15":"pa_medidas-383","16":"pa_medidas-370","18":"first","19":"instock","20":"purchasable","21":"product-type-variable"},"_links":{"self":[{"href":"https:\/\/avantarea.com\/fr\/wp-json\/wp\/v2\/product\/87589","targetHints":{"allow":["GET"]}}],"collection":[{"href":"https:\/\/avantarea.com\/fr\/wp-json\/wp\/v2\/product"}],"about":[{"href":"https:\/\/avantarea.com\/fr\/wp-json\/wp\/v2\/types\/product"}],"replies":[{"embeddable":true,"href":"https:\/\/avantarea.com\/fr\/wp-json\/wp\/v2\/comments?post=87589"}],"wp:featuredmedia":[{"embeddable":true,"href":"https:\/\/avantarea.com\/fr\/wp-json\/wp\/v2\/media\/98386"}],"wp:attachment":[{"href":"https:\/\/avantarea.com\/fr\/wp-json\/wp\/v2\/media?parent=87589"}],"wp:term":[{"taxonomy":"product_brand","embeddable":true,"href":"https:\/\/avantarea.com\/fr\/wp-json\/wp\/v2\/product_brand?post=87589"},{"taxonomy":"product_cat","embeddable":true,"href":"https:\/\/avantarea.com\/fr\/wp-json\/wp\/v2\/product_cat?post=87589"},{"taxonomy":"product_tag","embeddable":true,"href":"https:\/\/avantarea.com\/fr\/wp-json\/wp\/v2\/product_tag?post=87589"}],"curies":[{"name":"wp","href":"https:\/\/api.w.org\/{rel}","templated":true}]}}