{"id":87588,"date":"2022-04-28T14:01:26","date_gmt":"2022-04-28T12:01:26","guid":{"rendered":"https:\/\/nueva.avantarea.com\/?post_type=product&#038;p=87588"},"modified":"2026-02-23T08:43:21","modified_gmt":"2026-02-23T07:43:21","slug":"pack-accesorios-set-organizador-cosmeticos-bandeja-multifuncion-caja-almacenaje-copia","status":"publish","type":"product","link":"https:\/\/avantarea.com\/fr\/producto\/pack-accesorios-set-organizador-cosmeticos-bandeja-multifuncion-caja-almacenaje-copia\/","title":{"rendered":"Pack Accesorios SET organisateur de cosm\u00e9tiques + plateau multifonction + bo\u00eete de rangement"},"content":{"rendered":"<p>Set organisateur de tiroirs compos\u00e9 d&rsquo;un plateau \u00e9quip\u00e9 d&rsquo;un support pour cosm\u00e9tiques, d&rsquo;un plateau multifonction et d&rsquo;une bo\u00eete de rangement.<\/p>\n","protected":false},"excerpt":{"rendered":"<p>Set organisateur de tiroirs compos\u00e9 d&rsquo;un plateau \u00e9quip\u00e9 d&rsquo;un support pour cosm\u00e9tiques, d&rsquo;un plateau multifonction et d&rsquo;une bo\u00eete de rangement.<\/p>\n","protected":false},"featured_media":95058,"comment_status":"closed","ping_status":"open","template":"","meta":[],"product_brand":[895],"product_cat":[575],"product_tag":[],"class_list":{"0":"post-87588","1":"product","2":"type-product","3":"status-publish","4":"has-post-thumbnail","6":"product_brand-accesorios","7":"product_cat-accesorios","9":"first","10":"instock","11":"purchasable","12":"product-type-simple"},"_links":{"self":[{"href":"https:\/\/avantarea.com\/fr\/wp-json\/wp\/v2\/product\/87588","targetHints":{"allow":["GET"]}}],"collection":[{"href":"https:\/\/avantarea.com\/fr\/wp-json\/wp\/v2\/product"}],"about":[{"href":"https:\/\/avantarea.com\/fr\/wp-json\/wp\/v2\/types\/product"}],"replies":[{"embeddable":true,"href":"https:\/\/avantarea.com\/fr\/wp-json\/wp\/v2\/comments?post=87588"}],"wp:featuredmedia":[{"embeddable":true,"href":"https:\/\/avantarea.com\/fr\/wp-json\/wp\/v2\/media\/95058"}],"wp:attachment":[{"href":"https:\/\/avantarea.com\/fr\/wp-json\/wp\/v2\/media?parent=87588"}],"wp:term":[{"taxonomy":"product_brand","embeddable":true,"href":"https:\/\/avantarea.com\/fr\/wp-json\/wp\/v2\/product_brand?post=87588"},{"taxonomy":"product_cat","embeddable":true,"href":"https:\/\/avantarea.com\/fr\/wp-json\/wp\/v2\/product_cat?post=87588"},{"taxonomy":"product_tag","embeddable":true,"href":"https:\/\/avantarea.com\/fr\/wp-json\/wp\/v2\/product_tag?post=87588"}],"curies":[{"name":"wp","href":"https:\/\/api.w.org\/{rel}","templated":true}]}}