{"id":87587,"date":"2022-04-28T14:01:37","date_gmt":"2022-04-28T12:01:37","guid":{"rendered":"https:\/\/nueva.avantarea.com\/?post_type=product&#038;p=87587"},"modified":"2026-02-23T08:43:11","modified_gmt":"2026-02-23T07:43:11","slug":"iluminacion-i-20-copia","status":"publish","type":"product","link":"https:\/\/avantarea.com\/fr\/producto\/iluminacion-i-20-copia\/","title":{"rendered":"\u00c9CLAIRAGE I-20"},"content":{"rendered":"<p>Iluminaci\u00f3n LED de 20 cm de 6 W avec 360 lumens et une temp\u00e9rature de couleur de 6000 K.<\/p>\n","protected":false},"excerpt":{"rendered":"<p>Iluminaci\u00f3n LED de 20 cm de 6 W avec 360 lumens et une temp\u00e9rature de couleur de 6000 K.<\/p>\n","protected":false},"featured_media":23106,"comment_status":"closed","ping_status":"open","template":"","meta":[],"product_brand":[958],"product_cat":[575],"product_tag":[],"class_list":{"0":"post-87587","1":"product","2":"type-product","3":"status-publish","4":"has-post-thumbnail","6":"product_brand-iluminacion","7":"product_cat-accesorios","9":"first","10":"instock","11":"purchasable","12":"product-type-simple"},"_links":{"self":[{"href":"https:\/\/avantarea.com\/fr\/wp-json\/wp\/v2\/product\/87587","targetHints":{"allow":["GET"]}}],"collection":[{"href":"https:\/\/avantarea.com\/fr\/wp-json\/wp\/v2\/product"}],"about":[{"href":"https:\/\/avantarea.com\/fr\/wp-json\/wp\/v2\/types\/product"}],"replies":[{"embeddable":true,"href":"https:\/\/avantarea.com\/fr\/wp-json\/wp\/v2\/comments?post=87587"}],"wp:featuredmedia":[{"embeddable":true,"href":"https:\/\/avantarea.com\/fr\/wp-json\/wp\/v2\/media\/23106"}],"wp:attachment":[{"href":"https:\/\/avantarea.com\/fr\/wp-json\/wp\/v2\/media?parent=87587"}],"wp:term":[{"taxonomy":"product_brand","embeddable":true,"href":"https:\/\/avantarea.com\/fr\/wp-json\/wp\/v2\/product_brand?post=87587"},{"taxonomy":"product_cat","embeddable":true,"href":"https:\/\/avantarea.com\/fr\/wp-json\/wp\/v2\/product_cat?post=87587"},{"taxonomy":"product_tag","embeddable":true,"href":"https:\/\/avantarea.com\/fr\/wp-json\/wp\/v2\/product_tag?post=87587"}],"curies":[{"name":"wp","href":"https:\/\/api.w.org\/{rel}","templated":true}]}}