{"id":87582,"date":"2022-04-28T14:02:29","date_gmt":"2022-04-28T12:02:29","guid":{"rendered":"https:\/\/nueva.avantarea.com\/?post_type=product&#038;p=87582"},"modified":"2026-02-23T08:42:31","modified_gmt":"2026-02-23T07:42:31","slug":"iluminacion-l-100-copia","status":"publish","type":"product","link":"https:\/\/avantarea.com\/fr\/producto\/iluminacion-l-100-copia\/","title":{"rendered":"\u00c9CLAIRAGE L-100"},"content":{"rendered":"<p>Iluminaci\u00f3n LED de 100 cm de 9,6 W avec 600 lumens et une temp\u00e9rature de couleur de 6000 K.<\/p>\n","protected":false},"excerpt":{"rendered":"<p>Iluminaci\u00f3n LED de 100 cm de 9,6 W avec 600 lumens et une temp\u00e9rature de couleur de 6000 K.<\/p>\n","protected":false},"featured_media":18256,"comment_status":"closed","ping_status":"open","template":"","meta":[],"product_brand":[958],"product_cat":[575],"product_tag":[],"class_list":{"0":"post-87582","1":"product","2":"type-product","3":"status-publish","4":"has-post-thumbnail","6":"product_brand-iluminacion","7":"product_cat-accesorios","9":"first","10":"instock","11":"purchasable","12":"product-type-simple"},"_links":{"self":[{"href":"https:\/\/avantarea.com\/fr\/wp-json\/wp\/v2\/product\/87582","targetHints":{"allow":["GET"]}}],"collection":[{"href":"https:\/\/avantarea.com\/fr\/wp-json\/wp\/v2\/product"}],"about":[{"href":"https:\/\/avantarea.com\/fr\/wp-json\/wp\/v2\/types\/product"}],"replies":[{"embeddable":true,"href":"https:\/\/avantarea.com\/fr\/wp-json\/wp\/v2\/comments?post=87582"}],"wp:featuredmedia":[{"embeddable":true,"href":"https:\/\/avantarea.com\/fr\/wp-json\/wp\/v2\/media\/18256"}],"wp:attachment":[{"href":"https:\/\/avantarea.com\/fr\/wp-json\/wp\/v2\/media?parent=87582"}],"wp:term":[{"taxonomy":"product_brand","embeddable":true,"href":"https:\/\/avantarea.com\/fr\/wp-json\/wp\/v2\/product_brand?post=87582"},{"taxonomy":"product_cat","embeddable":true,"href":"https:\/\/avantarea.com\/fr\/wp-json\/wp\/v2\/product_cat?post=87582"},{"taxonomy":"product_tag","embeddable":true,"href":"https:\/\/avantarea.com\/fr\/wp-json\/wp\/v2\/product_tag?post=87582"}],"curies":[{"name":"wp","href":"https:\/\/api.w.org\/{rel}","templated":true}]}}