{"id":87569,"date":"2022-04-28T14:03:17","date_gmt":"2022-04-28T12:03:17","guid":{"rendered":"https:\/\/nueva.avantarea.com\/?post_type=product&#038;p=87569"},"modified":"2026-02-23T08:41:33","modified_gmt":"2026-02-23T07:41:33","slug":"patas-cromadas-10-cm-2-unidades-copia","status":"publish","type":"product","link":"https:\/\/avantarea.com\/fr\/producto\/patas-cromadas-10-cm-2-unidades-copia\/","title":{"rendered":"PIEDS CHROM\u00c9S 10 CM (2 UNIT\u00c9S)"},"content":{"rendered":"<p>Pieds chrom\u00e9s de 10 cm de hauteur (2 unit\u00e9s).<\/p>\n","protected":false},"excerpt":{"rendered":"<p>Pieds chrom\u00e9s de 10 cm de hauteur (2 unit\u00e9s).<\/p>\n","protected":false},"featured_media":23130,"comment_status":"closed","ping_status":"open","template":"","meta":[],"product_brand":[895],"product_cat":[575],"product_tag":[],"class_list":{"0":"post-87569","1":"product","2":"type-product","3":"status-publish","4":"has-post-thumbnail","6":"product_brand-accesorios","7":"product_cat-accesorios","9":"first","10":"instock","11":"purchasable","12":"product-type-simple"},"_links":{"self":[{"href":"https:\/\/avantarea.com\/fr\/wp-json\/wp\/v2\/product\/87569","targetHints":{"allow":["GET"]}}],"collection":[{"href":"https:\/\/avantarea.com\/fr\/wp-json\/wp\/v2\/product"}],"about":[{"href":"https:\/\/avantarea.com\/fr\/wp-json\/wp\/v2\/types\/product"}],"replies":[{"embeddable":true,"href":"https:\/\/avantarea.com\/fr\/wp-json\/wp\/v2\/comments?post=87569"}],"wp:featuredmedia":[{"embeddable":true,"href":"https:\/\/avantarea.com\/fr\/wp-json\/wp\/v2\/media\/23130"}],"wp:attachment":[{"href":"https:\/\/avantarea.com\/fr\/wp-json\/wp\/v2\/media?parent=87569"}],"wp:term":[{"taxonomy":"product_brand","embeddable":true,"href":"https:\/\/avantarea.com\/fr\/wp-json\/wp\/v2\/product_brand?post=87569"},{"taxonomy":"product_cat","embeddable":true,"href":"https:\/\/avantarea.com\/fr\/wp-json\/wp\/v2\/product_cat?post=87569"},{"taxonomy":"product_tag","embeddable":true,"href":"https:\/\/avantarea.com\/fr\/wp-json\/wp\/v2\/product_tag?post=87569"}],"curies":[{"name":"wp","href":"https:\/\/api.w.org\/{rel}","templated":true}]}}