{"id":87567,"date":"2022-04-28T14:03:32","date_gmt":"2022-04-28T12:03:32","guid":{"rendered":"https:\/\/nueva.avantarea.com\/?post_type=product&#038;p=87567"},"modified":"2026-02-23T08:41:15","modified_gmt":"2026-02-23T07:41:15","slug":"espejo-ana-con-aumento-100x70-copia","status":"publish","type":"product","link":"https:\/\/avantarea.com\/fr\/producto\/espejo-ana-con-aumento-100x70-copia\/","title":{"rendered":"Miroir ANA grossissant 100&#215;70"},"content":{"rendered":"<p>Miroir de 100&#215;70 cm r\u00e9tro\u00e9clair\u00e9 LED avec miroir grossissant. 31,2W. 3120 lm, 12V, IP65.<\/p>\n","protected":false},"excerpt":{"rendered":"<p>Miroir de 100&#215;70 cm r\u00e9tro\u00e9clair\u00e9 LED avec miroir grossissant. 31,2W. 3120 lm, 12V, IP65.<\/p>\n","protected":false},"featured_media":23134,"comment_status":"closed","ping_status":"open","template":"","meta":[],"product_brand":[957],"product_cat":[575],"product_tag":[],"class_list":{"0":"post-87567","1":"product","2":"type-product","3":"status-publish","4":"has-post-thumbnail","6":"product_brand-espejos","7":"product_cat-accesorios","9":"first","10":"instock","11":"purchasable","12":"product-type-simple"},"_links":{"self":[{"href":"https:\/\/avantarea.com\/fr\/wp-json\/wp\/v2\/product\/87567","targetHints":{"allow":["GET"]}}],"collection":[{"href":"https:\/\/avantarea.com\/fr\/wp-json\/wp\/v2\/product"}],"about":[{"href":"https:\/\/avantarea.com\/fr\/wp-json\/wp\/v2\/types\/product"}],"replies":[{"embeddable":true,"href":"https:\/\/avantarea.com\/fr\/wp-json\/wp\/v2\/comments?post=87567"}],"wp:featuredmedia":[{"embeddable":true,"href":"https:\/\/avantarea.com\/fr\/wp-json\/wp\/v2\/media\/23134"}],"wp:attachment":[{"href":"https:\/\/avantarea.com\/fr\/wp-json\/wp\/v2\/media?parent=87567"}],"wp:term":[{"taxonomy":"product_brand","embeddable":true,"href":"https:\/\/avantarea.com\/fr\/wp-json\/wp\/v2\/product_brand?post=87567"},{"taxonomy":"product_cat","embeddable":true,"href":"https:\/\/avantarea.com\/fr\/wp-json\/wp\/v2\/product_cat?post=87567"},{"taxonomy":"product_tag","embeddable":true,"href":"https:\/\/avantarea.com\/fr\/wp-json\/wp\/v2\/product_tag?post=87567"}],"curies":[{"name":"wp","href":"https:\/\/api.w.org\/{rel}","templated":true}]}}