{"id":87565,"date":"2022-04-28T14:03:49","date_gmt":"2022-04-28T12:03:49","guid":{"rendered":"https:\/\/nueva.avantarea.com\/?post_type=product&#038;p=87565"},"modified":"2026-02-23T08:41:02","modified_gmt":"2026-02-23T07:41:02","slug":"espejo-patry-con-radio-80x70-copia","status":"publish","type":"product","link":"https:\/\/avantarea.com\/fr\/producto\/espejo-patry-con-radio-80x70-copia\/","title":{"rendered":"Miroir PATRY avec radio 80&#215;70"},"content":{"rendered":"<p>Miroir de salle de bain de 80&#215;70 cm avec \u00e9clairage LED et radio. Allumage tactile, \u00e9cran avec horloge, indicateur de temp\u00e9rature, radio Bluetooth, pour connecter votre t\u00e9l\u00e9phone portable, avec haut-parleurs int\u00e9gr\u00e9s. 16,8W, 2080 lumens, 12V, IP65. Lumi\u00e8re blanche.<\/p>\n","protected":false},"excerpt":{"rendered":"<p>Miroir de salle de bain de 80&#215;70 cm avec \u00e9clairage LED et radio. Allumage tactile, \u00e9cran avec horloge, indicateur de temp\u00e9rature, radio Bluetooth, pour connecter votre t\u00e9l\u00e9phone portable, avec haut-parleurs&#8230;<\/p>\n","protected":false},"featured_media":0,"comment_status":"closed","ping_status":"open","template":"","meta":[],"product_brand":[957],"product_cat":[575],"product_tag":[],"class_list":{"0":"post-87565","1":"product","2":"type-product","3":"status-publish","5":"product_brand-espejos","6":"product_cat-accesorios","8":"first","9":"instock","10":"purchasable","11":"product-type-simple"},"_links":{"self":[{"href":"https:\/\/avantarea.com\/fr\/wp-json\/wp\/v2\/product\/87565","targetHints":{"allow":["GET"]}}],"collection":[{"href":"https:\/\/avantarea.com\/fr\/wp-json\/wp\/v2\/product"}],"about":[{"href":"https:\/\/avantarea.com\/fr\/wp-json\/wp\/v2\/types\/product"}],"replies":[{"embeddable":true,"href":"https:\/\/avantarea.com\/fr\/wp-json\/wp\/v2\/comments?post=87565"}],"wp:attachment":[{"href":"https:\/\/avantarea.com\/fr\/wp-json\/wp\/v2\/media?parent=87565"}],"wp:term":[{"taxonomy":"product_brand","embeddable":true,"href":"https:\/\/avantarea.com\/fr\/wp-json\/wp\/v2\/product_brand?post=87565"},{"taxonomy":"product_cat","embeddable":true,"href":"https:\/\/avantarea.com\/fr\/wp-json\/wp\/v2\/product_cat?post=87565"},{"taxonomy":"product_tag","embeddable":true,"href":"https:\/\/avantarea.com\/fr\/wp-json\/wp\/v2\/product_tag?post=87565"}],"curies":[{"name":"wp","href":"https:\/\/api.w.org\/{rel}","templated":true}]}}