{"id":87563,"date":"2022-04-28T14:04:02","date_gmt":"2022-04-28T12:04:02","guid":{"rendered":"https:\/\/nueva.avantarea.com\/?post_type=product&#038;p=87563"},"modified":"2026-02-23T08:40:44","modified_gmt":"2026-02-23T07:40:44","slug":"espejo-patry-con-radio-120x70-copia","status":"publish","type":"product","link":"https:\/\/avantarea.com\/fr\/producto\/espejo-patry-con-radio-120x70-copia\/","title":{"rendered":"Miroir PATRY avec radio 120&#215;70"},"content":{"rendered":"<p>Miroir de salle de bain de 120&#215;70 cm avec \u00e9clairage LED et radio. Allumage tactile, \u00e9cran avec horloge, indicateur de temp\u00e9rature, radio Bluetooth pour connecter votre t\u00e9l\u00e9phone portable, avec haut-parleurs int\u00e9gr\u00e9s. 16,8W, 2080 lumens, 12V, IP65. Lumi\u00e8re blanche.<\/p>\n","protected":false},"excerpt":{"rendered":"<p>Miroir de salle de bain de 120&#215;70 cm avec \u00e9clairage LED et radio. Allumage tactile, \u00e9cran avec horloge, indicateur de temp\u00e9rature, radio Bluetooth pour connecter votre t\u00e9l\u00e9phone portable, avec haut-parleurs&#8230;<\/p>\n","protected":false},"featured_media":23140,"comment_status":"closed","ping_status":"open","template":"","meta":[],"product_brand":[957],"product_cat":[575],"product_tag":[],"class_list":{"0":"post-87563","1":"product","2":"type-product","3":"status-publish","4":"has-post-thumbnail","6":"product_brand-espejos","7":"product_cat-accesorios","9":"first","10":"instock","11":"purchasable","12":"product-type-simple"},"_links":{"self":[{"href":"https:\/\/avantarea.com\/fr\/wp-json\/wp\/v2\/product\/87563","targetHints":{"allow":["GET"]}}],"collection":[{"href":"https:\/\/avantarea.com\/fr\/wp-json\/wp\/v2\/product"}],"about":[{"href":"https:\/\/avantarea.com\/fr\/wp-json\/wp\/v2\/types\/product"}],"replies":[{"embeddable":true,"href":"https:\/\/avantarea.com\/fr\/wp-json\/wp\/v2\/comments?post=87563"}],"wp:featuredmedia":[{"embeddable":true,"href":"https:\/\/avantarea.com\/fr\/wp-json\/wp\/v2\/media\/23140"}],"wp:attachment":[{"href":"https:\/\/avantarea.com\/fr\/wp-json\/wp\/v2\/media?parent=87563"}],"wp:term":[{"taxonomy":"product_brand","embeddable":true,"href":"https:\/\/avantarea.com\/fr\/wp-json\/wp\/v2\/product_brand?post=87563"},{"taxonomy":"product_cat","embeddable":true,"href":"https:\/\/avantarea.com\/fr\/wp-json\/wp\/v2\/product_cat?post=87563"},{"taxonomy":"product_tag","embeddable":true,"href":"https:\/\/avantarea.com\/fr\/wp-json\/wp\/v2\/product_tag?post=87563"}],"curies":[{"name":"wp","href":"https:\/\/api.w.org\/{rel}","templated":true}]}}