{"id":87561,"date":"2022-04-28T14:04:13","date_gmt":"2022-04-28T12:04:13","guid":{"rendered":"https:\/\/nueva.avantarea.com\/?post_type=product&#038;p=87561"},"modified":"2026-02-23T08:40:25","modified_gmt":"2026-02-23T07:40:25","slug":"espejo-bambu-copia","status":"publish","type":"product","link":"https:\/\/avantarea.com\/fr\/producto\/espejo-bambu-copia\/","title":{"rendered":"Miroir Bambou"},"content":{"rendered":"<p>Miroir de salle de bain 60cm de diam\u00e8tre avec \u00e9clairage LED. 14,4W, 1440 lumens, 12V, IP44. Lumi\u00e8re blanche.<\/p>\n","protected":false},"excerpt":{"rendered":"<p>Miroir de salle de bain 60cm de diam\u00e8tre avec \u00e9clairage LED. 14,4W, 1440 lumens, 12V, IP44. Lumi\u00e8re blanche.<\/p>\n","protected":false},"featured_media":95138,"comment_status":"closed","ping_status":"open","template":"","meta":[],"product_brand":[957],"product_cat":[575],"product_tag":[],"class_list":{"0":"post-87561","1":"product","2":"type-product","3":"status-publish","4":"has-post-thumbnail","6":"product_brand-espejos","7":"product_cat-accesorios","9":"first","10":"instock","11":"purchasable","12":"product-type-simple"},"_links":{"self":[{"href":"https:\/\/avantarea.com\/fr\/wp-json\/wp\/v2\/product\/87561","targetHints":{"allow":["GET"]}}],"collection":[{"href":"https:\/\/avantarea.com\/fr\/wp-json\/wp\/v2\/product"}],"about":[{"href":"https:\/\/avantarea.com\/fr\/wp-json\/wp\/v2\/types\/product"}],"replies":[{"embeddable":true,"href":"https:\/\/avantarea.com\/fr\/wp-json\/wp\/v2\/comments?post=87561"}],"wp:featuredmedia":[{"embeddable":true,"href":"https:\/\/avantarea.com\/fr\/wp-json\/wp\/v2\/media\/95138"}],"wp:attachment":[{"href":"https:\/\/avantarea.com\/fr\/wp-json\/wp\/v2\/media?parent=87561"}],"wp:term":[{"taxonomy":"product_brand","embeddable":true,"href":"https:\/\/avantarea.com\/fr\/wp-json\/wp\/v2\/product_brand?post=87561"},{"taxonomy":"product_cat","embeddable":true,"href":"https:\/\/avantarea.com\/fr\/wp-json\/wp\/v2\/product_cat?post=87561"},{"taxonomy":"product_tag","embeddable":true,"href":"https:\/\/avantarea.com\/fr\/wp-json\/wp\/v2\/product_tag?post=87561"}],"curies":[{"name":"wp","href":"https:\/\/api.w.org\/{rel}","templated":true}]}}