{"id":87559,"date":"2022-04-28T14:04:25","date_gmt":"2022-04-28T12:04:25","guid":{"rendered":"https:\/\/nueva.avantarea.com\/?post_type=product&#038;p=87559"},"modified":"2026-02-23T08:40:05","modified_gmt":"2026-02-23T07:40:05","slug":"espejo-nerea-de-120x80-cm-copia","status":"publish","type":"product","link":"https:\/\/avantarea.com\/fr\/producto\/espejo-nerea-de-120x80-cm-copia\/","title":{"rendered":"Miroir NEREA de 120&#215;80 cm"},"content":{"rendered":"<p>Miroir de salle de bain avec cadre 4 c\u00f4t\u00e9s en thermoplastique blanc de 22mm. Miroir apparent. Application d&rsquo;un vernis de s\u00e9curit\u00e9 anti-\u00e9clats. Bande LED 9,6W\/m IP65 &#8211; 5500\u00bak.<br \/>\nFixations et instructions incluses dans l&#8217;emballage. Avec syst\u00e8me anti-bu\u00e9e et capteur de mouvement pour l&rsquo;allumage de la lumi\u00e8re.<\/p>\n","protected":false},"excerpt":{"rendered":"<p>Miroir de salle de bain avec cadre 4 c\u00f4t\u00e9s en thermoplastique blanc de 22mm. Miroir apparent. Application d&rsquo;un vernis de s\u00e9curit\u00e9 anti-\u00e9clats. Bande LED 9,6W\/m IP65 &#8211; 5500\u00bak. Fixations et&#8230;<\/p>\n","protected":false},"featured_media":95159,"comment_status":"closed","ping_status":"open","template":"","meta":[],"product_brand":[957],"product_cat":[575],"product_tag":[],"class_list":{"0":"post-87559","1":"product","2":"type-product","3":"status-publish","4":"has-post-thumbnail","6":"product_brand-espejos","7":"product_cat-accesorios","9":"first","10":"instock","11":"purchasable","12":"product-type-simple"},"_links":{"self":[{"href":"https:\/\/avantarea.com\/fr\/wp-json\/wp\/v2\/product\/87559","targetHints":{"allow":["GET"]}}],"collection":[{"href":"https:\/\/avantarea.com\/fr\/wp-json\/wp\/v2\/product"}],"about":[{"href":"https:\/\/avantarea.com\/fr\/wp-json\/wp\/v2\/types\/product"}],"replies":[{"embeddable":true,"href":"https:\/\/avantarea.com\/fr\/wp-json\/wp\/v2\/comments?post=87559"}],"wp:featuredmedia":[{"embeddable":true,"href":"https:\/\/avantarea.com\/fr\/wp-json\/wp\/v2\/media\/95159"}],"wp:attachment":[{"href":"https:\/\/avantarea.com\/fr\/wp-json\/wp\/v2\/media?parent=87559"}],"wp:term":[{"taxonomy":"product_brand","embeddable":true,"href":"https:\/\/avantarea.com\/fr\/wp-json\/wp\/v2\/product_brand?post=87559"},{"taxonomy":"product_cat","embeddable":true,"href":"https:\/\/avantarea.com\/fr\/wp-json\/wp\/v2\/product_cat?post=87559"},{"taxonomy":"product_tag","embeddable":true,"href":"https:\/\/avantarea.com\/fr\/wp-json\/wp\/v2\/product_tag?post=87559"}],"curies":[{"name":"wp","href":"https:\/\/api.w.org\/{rel}","templated":true}]}}