{"id":87533,"date":"2022-04-28T14:05:37","date_gmt":"2022-04-28T12:05:37","guid":{"rendered":"https:\/\/nueva.avantarea.com\/?post_type=product&#038;p=87533"},"modified":"2026-04-02T08:34:22","modified_gmt":"2026-04-02T06:34:22","slug":"mueble-auxiliar-ural-copia","status":"publish","type":"product","link":"https:\/\/avantarea.com\/fr\/producto\/mueble-auxiliar-ural-copia\/","title":{"rendered":"Meuble d&rsquo;appoint URAL"},"content":{"rendered":"<p>Mobilier d&rsquo;appoint en mat\u00e9riau stratifi\u00e9 de 19 mm. Il se compose d&rsquo;un tiroir de grande capacit\u00e9, enti\u00e8rement amovible et \u00e0 fermeture amortie. Id\u00e9al pour \u00eatre plac\u00e9 sous un \u00e9vier suspendu ou pour optimiser l&rsquo;espace de rangement dans un coin. Fabriqu\u00e9 en Espagne.<\/p>\n","protected":false},"excerpt":{"rendered":"<p>Mobilier d&rsquo;appoint en mat\u00e9riau stratifi\u00e9 de 19 mm. Il se compose d&rsquo;un tiroir de grande capacit\u00e9, enti\u00e8rement amovible et \u00e0 fermeture amortie. Id\u00e9al pour \u00eatre plac\u00e9 sous un \u00e9vier suspendu&#8230;<\/p>\n","protected":false},"featured_media":23163,"comment_status":"closed","ping_status":"closed","template":"","meta":[],"product_brand":[986],"product_cat":[1175],"product_tag":[],"class_list":{"0":"post-87533","1":"product","2":"type-product","3":"status-publish","4":"has-post-thumbnail","6":"product_brand-ural","7":"product_cat-mobilier-dappoint","8":"pa_color-azabache","9":"pa_color-blanco-mate","10":"pa_color-nogal","11":"pa_color-roble","12":"pa_medidas-369","13":"pa_medidas-363","14":"pa_medidas-370","16":"first","17":"instock","18":"purchasable","19":"product-type-variable"},"_links":{"self":[{"href":"https:\/\/avantarea.com\/fr\/wp-json\/wp\/v2\/product\/87533","targetHints":{"allow":["GET"]}}],"collection":[{"href":"https:\/\/avantarea.com\/fr\/wp-json\/wp\/v2\/product"}],"about":[{"href":"https:\/\/avantarea.com\/fr\/wp-json\/wp\/v2\/types\/product"}],"replies":[{"embeddable":true,"href":"https:\/\/avantarea.com\/fr\/wp-json\/wp\/v2\/comments?post=87533"}],"wp:featuredmedia":[{"embeddable":true,"href":"https:\/\/avantarea.com\/fr\/wp-json\/wp\/v2\/media\/23163"}],"wp:attachment":[{"href":"https:\/\/avantarea.com\/fr\/wp-json\/wp\/v2\/media?parent=87533"}],"wp:term":[{"taxonomy":"product_brand","embeddable":true,"href":"https:\/\/avantarea.com\/fr\/wp-json\/wp\/v2\/product_brand?post=87533"},{"taxonomy":"product_cat","embeddable":true,"href":"https:\/\/avantarea.com\/fr\/wp-json\/wp\/v2\/product_cat?post=87533"},{"taxonomy":"product_tag","embeddable":true,"href":"https:\/\/avantarea.com\/fr\/wp-json\/wp\/v2\/product_tag?post=87533"}],"curies":[{"name":"wp","href":"https:\/\/api.w.org\/{rel}","templated":true}]}}