{"id":87441,"date":"2022-04-28T14:17:55","date_gmt":"2022-04-28T12:17:55","guid":{"rendered":"https:\/\/nueva.avantarea.com\/?post_type=product&#038;p=87441"},"modified":"2026-02-25T08:19:46","modified_gmt":"2026-02-25T07:19:46","slug":"composicion-crea-20-3-decorativos-120-2-decorativos-60-cuadrado-copia","status":"publish","type":"product","link":"https:\/\/avantarea.com\/fr\/producto\/composicion-crea-20-3-decorativos-120-2-decorativos-60-cuadrado-copia\/","title":{"rendered":"COMPOSICI\u00d3N CREA 20 3 d\u00e9coratifs 120 + 2 d\u00e9coratifs 60 carr\u00e9"},"content":{"rendered":"","protected":false},"excerpt":{"rendered":"","protected":false},"featured_media":23445,"comment_status":"closed","ping_status":"open","template":"","meta":[],"product_brand":[987],"product_cat":[610],"product_tag":[],"class_list":{"0":"post-87441","1":"product","2":"type-product","3":"status-publish","4":"has-post-thumbnail","6":"product_brand-crea","7":"product_cat-muebles-de-hogar","8":"pa_color-alcatraz-blanc","9":"pa_color-alcatraz-vert-argile","10":"pa_color-azabache","11":"pa_color-azabache-sombra","12":"pa_color-blanco-mate","13":"pa_color-roble","14":"pa_medidas-378","16":"first","17":"instock","18":"purchasable","19":"product-type-variable"},"_links":{"self":[{"href":"https:\/\/avantarea.com\/fr\/wp-json\/wp\/v2\/product\/87441","targetHints":{"allow":["GET"]}}],"collection":[{"href":"https:\/\/avantarea.com\/fr\/wp-json\/wp\/v2\/product"}],"about":[{"href":"https:\/\/avantarea.com\/fr\/wp-json\/wp\/v2\/types\/product"}],"replies":[{"embeddable":true,"href":"https:\/\/avantarea.com\/fr\/wp-json\/wp\/v2\/comments?post=87441"}],"wp:featuredmedia":[{"embeddable":true,"href":"https:\/\/avantarea.com\/fr\/wp-json\/wp\/v2\/media\/23445"}],"wp:attachment":[{"href":"https:\/\/avantarea.com\/fr\/wp-json\/wp\/v2\/media?parent=87441"}],"wp:term":[{"taxonomy":"product_brand","embeddable":true,"href":"https:\/\/avantarea.com\/fr\/wp-json\/wp\/v2\/product_brand?post=87441"},{"taxonomy":"product_cat","embeddable":true,"href":"https:\/\/avantarea.com\/fr\/wp-json\/wp\/v2\/product_cat?post=87441"},{"taxonomy":"product_tag","embeddable":true,"href":"https:\/\/avantarea.com\/fr\/wp-json\/wp\/v2\/product_tag?post=87441"}],"curies":[{"name":"wp","href":"https:\/\/api.w.org\/{rel}","templated":true}]}}