{"id":87419,"date":"2022-04-28T14:21:01","date_gmt":"2022-04-28T12:21:01","guid":{"rendered":"https:\/\/nueva.avantarea.com\/?post_type=product&#038;p=87419"},"modified":"2026-02-25T08:19:55","modified_gmt":"2026-02-25T07:19:55","slug":"composicion-crea-14-abatible-120-decorativo-cuadrado-60-patas-copia","status":"publish","type":"product","link":"https:\/\/avantarea.com\/fr\/producto\/composicion-crea-14-abatible-120-decorativo-cuadrado-60-patas-copia\/","title":{"rendered":"COMPOSITION CR\u00c9A 14 abattant 120 + d\u00e9coratif carr\u00e9 60 PIEDS"},"content":{"rendered":"","protected":false},"excerpt":{"rendered":"","protected":false},"featured_media":23499,"comment_status":"closed","ping_status":"open","template":"","meta":[],"product_brand":[987],"product_cat":[610],"product_tag":[],"class_list":{"0":"post-87419","1":"product","2":"type-product","3":"status-publish","4":"has-post-thumbnail","6":"product_brand-crea","7":"product_cat-muebles-de-hogar","8":"pa_color-alcatraz-blanc","9":"pa_color-alcatraz-blanco","10":"pa_color-alcatraz-vert-argile","11":"pa_color-azabache","12":"pa_color-azabache-puerta-blanca","13":"pa_color-azabache-sombra","14":"pa_color-blanco-mate","15":"pa_color-roble","16":"pa_color-roble-puerta-blanca","17":"pa_color-terracota-bardolino","18":"pa_medidas-378","20":"first","21":"instock","22":"purchasable","23":"product-type-variable"},"_links":{"self":[{"href":"https:\/\/avantarea.com\/fr\/wp-json\/wp\/v2\/product\/87419","targetHints":{"allow":["GET"]}}],"collection":[{"href":"https:\/\/avantarea.com\/fr\/wp-json\/wp\/v2\/product"}],"about":[{"href":"https:\/\/avantarea.com\/fr\/wp-json\/wp\/v2\/types\/product"}],"replies":[{"embeddable":true,"href":"https:\/\/avantarea.com\/fr\/wp-json\/wp\/v2\/comments?post=87419"}],"wp:featuredmedia":[{"embeddable":true,"href":"https:\/\/avantarea.com\/fr\/wp-json\/wp\/v2\/media\/23499"}],"wp:attachment":[{"href":"https:\/\/avantarea.com\/fr\/wp-json\/wp\/v2\/media?parent=87419"}],"wp:term":[{"taxonomy":"product_brand","embeddable":true,"href":"https:\/\/avantarea.com\/fr\/wp-json\/wp\/v2\/product_brand?post=87419"},{"taxonomy":"product_cat","embeddable":true,"href":"https:\/\/avantarea.com\/fr\/wp-json\/wp\/v2\/product_cat?post=87419"},{"taxonomy":"product_tag","embeddable":true,"href":"https:\/\/avantarea.com\/fr\/wp-json\/wp\/v2\/product_tag?post=87419"}],"curies":[{"name":"wp","href":"https:\/\/api.w.org\/{rel}","templated":true}]}}