{"id":87364,"date":"2022-04-28T14:33:21","date_gmt":"2022-04-28T12:33:21","guid":{"rendered":"https:\/\/nueva.avantarea.com\/?post_type=product&#038;p=87364"},"modified":"2026-04-02T07:17:27","modified_gmt":"2026-04-02T05:17:27","slug":"pack-nancy-con-lavabo-y-espejo-led-copia","status":"publish","type":"product","link":"https:\/\/avantarea.com\/fr\/producto\/pack-nancy-con-lavabo-y-espejo-led-copia\/","title":{"rendered":"Pack NANCY avec lavabo et miroir LED"},"content":{"rendered":"<p>Meuble vasque de salle de bain en panneau stratifi\u00e9 imitation bois, avec deux tiroirs \u00e0 extension compl\u00e8te et une porte, tous \u00e9quip\u00e9s d&rsquo;un syst\u00e8me de fermeture amortie. Comprend un lavabo d\u00e9centr\u00e9 et un miroir avec \u00e9clairage LED. Fabriqu\u00e9 en Europe.  <\/p>\n","protected":false},"excerpt":{"rendered":"<p>Meuble vasque de salle de bain en panneau stratifi\u00e9 imitation bois, avec deux tiroirs \u00e0 extension compl\u00e8te et une porte, tous \u00e9quip\u00e9s d&rsquo;un syst\u00e8me de fermeture amortie. Comprend un lavabo&#8230;<\/p>\n","protected":false},"featured_media":19428,"comment_status":"closed","ping_status":"closed","template":"","meta":[],"product_brand":[954],"product_cat":[1170],"product_tag":[],"class_list":{"0":"post-87364","1":"product","2":"type-product","3":"status-publish","4":"has-post-thumbnail","6":"product_brand-nancy","7":"product_cat-muebles-de-bano","8":"pa_color-azabache","9":"pa_color-nogal","10":"pa_color-roble","11":"pa_medidas-378","12":"pa_medidas-503","14":"first","15":"instock","16":"purchasable","17":"product-type-variable"},"_links":{"self":[{"href":"https:\/\/avantarea.com\/fr\/wp-json\/wp\/v2\/product\/87364","targetHints":{"allow":["GET"]}}],"collection":[{"href":"https:\/\/avantarea.com\/fr\/wp-json\/wp\/v2\/product"}],"about":[{"href":"https:\/\/avantarea.com\/fr\/wp-json\/wp\/v2\/types\/product"}],"replies":[{"embeddable":true,"href":"https:\/\/avantarea.com\/fr\/wp-json\/wp\/v2\/comments?post=87364"}],"wp:featuredmedia":[{"embeddable":true,"href":"https:\/\/avantarea.com\/fr\/wp-json\/wp\/v2\/media\/19428"}],"wp:attachment":[{"href":"https:\/\/avantarea.com\/fr\/wp-json\/wp\/v2\/media?parent=87364"}],"wp:term":[{"taxonomy":"product_brand","embeddable":true,"href":"https:\/\/avantarea.com\/fr\/wp-json\/wp\/v2\/product_brand?post=87364"},{"taxonomy":"product_cat","embeddable":true,"href":"https:\/\/avantarea.com\/fr\/wp-json\/wp\/v2\/product_cat?post=87364"},{"taxonomy":"product_tag","embeddable":true,"href":"https:\/\/avantarea.com\/fr\/wp-json\/wp\/v2\/product_tag?post=87364"}],"curies":[{"name":"wp","href":"https:\/\/api.w.org\/{rel}","templated":true}]}}