{"id":87361,"date":"2022-04-28T14:34:16","date_gmt":"2022-04-28T12:34:16","guid":{"rendered":"https:\/\/nueva.avantarea.com\/?post_type=product&#038;p=87361"},"modified":"2026-04-01T13:18:37","modified_gmt":"2026-04-01T11:18:37","slug":"pack-fabula-lavabo-espejo-led-copia","status":"publish","type":"product","link":"https:\/\/avantarea.com\/fr\/producto\/pack-fabula-lavabo-espejo-led-copia\/","title":{"rendered":"Pack FABULA + lavabo + miroir LED"},"content":{"rendered":"<p>Ensemble compos\u00e9 de meubles de salle de bains en mat\u00e9riau laqu\u00e9 brillant avec relief. Il se compose d&rsquo;un tiroir enti\u00e8rement amovible avec m\u00e9canisme de fermeture en douceur. Comprend un lavabo de comptoir et un miroir avec \u00e9clairage LED. Fabriqu\u00e9 en Espagne.<\/p>\n","protected":false},"excerpt":{"rendered":"<p>Ensemble compos\u00e9 de meubles de salle de bains en mat\u00e9riau laqu\u00e9 brillant avec relief. Il se compose d&rsquo;un tiroir enti\u00e8rement amovible avec m\u00e9canisme de fermeture en douceur. Comprend un lavabo&#8230;<\/p>\n","protected":false},"featured_media":19422,"comment_status":"closed","ping_status":"closed","template":"","meta":[],"product_brand":[953],"product_cat":[1170],"product_tag":[],"class_list":{"0":"post-87361","1":"product","2":"type-product","3":"status-publish","4":"has-post-thumbnail","6":"product_brand-fabula","7":"product_cat-muebles-de-bano","8":"pa_medidas-378","9":"pa_medidas-503","11":"first","12":"instock","13":"purchasable","14":"product-type-variable"},"_links":{"self":[{"href":"https:\/\/avantarea.com\/fr\/wp-json\/wp\/v2\/product\/87361","targetHints":{"allow":["GET"]}}],"collection":[{"href":"https:\/\/avantarea.com\/fr\/wp-json\/wp\/v2\/product"}],"about":[{"href":"https:\/\/avantarea.com\/fr\/wp-json\/wp\/v2\/types\/product"}],"replies":[{"embeddable":true,"href":"https:\/\/avantarea.com\/fr\/wp-json\/wp\/v2\/comments?post=87361"}],"wp:featuredmedia":[{"embeddable":true,"href":"https:\/\/avantarea.com\/fr\/wp-json\/wp\/v2\/media\/19422"}],"wp:attachment":[{"href":"https:\/\/avantarea.com\/fr\/wp-json\/wp\/v2\/media?parent=87361"}],"wp:term":[{"taxonomy":"product_brand","embeddable":true,"href":"https:\/\/avantarea.com\/fr\/wp-json\/wp\/v2\/product_brand?post=87361"},{"taxonomy":"product_cat","embeddable":true,"href":"https:\/\/avantarea.com\/fr\/wp-json\/wp\/v2\/product_cat?post=87361"},{"taxonomy":"product_tag","embeddable":true,"href":"https:\/\/avantarea.com\/fr\/wp-json\/wp\/v2\/product_tag?post=87361"}],"curies":[{"name":"wp","href":"https:\/\/api.w.org\/{rel}","templated":true}]}}