{"id":87348,"date":"2022-04-28T14:34:40","date_gmt":"2022-04-28T12:34:40","guid":{"rendered":"https:\/\/nueva.avantarea.com\/?post_type=product&#038;p=87348"},"modified":"2026-04-01T08:55:43","modified_gmt":"2026-04-01T06:55:43","slug":"pack-alsacia-lavabo-espejo-led-copia","status":"publish","type":"product","link":"https:\/\/avantarea.com\/fr\/producto\/pack-alsacia-lavabo-espejo-led-copia\/","title":{"rendered":"Pack ALSACIA + lavabo + miroir LED"},"content":{"rendered":"<p>Ensemble compos\u00e9 de meubles de salle de bains en mat\u00e9riau stratifi\u00e9 blanc mat et d&rsquo;une porte stratifi\u00e9e finition bois. Il est compos\u00e9 de portes inclin\u00e9es \u00e0 fermeture amortie. Il comprend un lavabo de comptoir en c\u00e9ramique blanche et un miroir avec \u00e9clairage LED. Fabriqu\u00e9 en Espagne.<\/p>\n","protected":false},"excerpt":{"rendered":"<p>Ensemble compos\u00e9 de meubles de salle de bains en mat\u00e9riau stratifi\u00e9 blanc mat et d&rsquo;une porte stratifi\u00e9e finition bois. Il est compos\u00e9 de portes inclin\u00e9es \u00e0 fermeture amortie. Il comprend&#8230;<\/p>\n","protected":false},"featured_media":95769,"comment_status":"closed","ping_status":"closed","template":"","meta":[],"product_brand":[988],"product_cat":[1170],"product_tag":[],"class_list":{"0":"post-87348","1":"product","2":"type-product","3":"status-publish","4":"has-post-thumbnail","6":"product_brand-alsacia","7":"product_cat-muebles-de-bano","8":"pa_color-azabache","9":"pa_color-bardolino","10":"pa_color-nogal","11":"pa_medidas-369","12":"pa_medidas-378","13":"pa_medidas-370","15":"first","16":"instock","17":"purchasable","18":"product-type-variable"},"_links":{"self":[{"href":"https:\/\/avantarea.com\/fr\/wp-json\/wp\/v2\/product\/87348","targetHints":{"allow":["GET"]}}],"collection":[{"href":"https:\/\/avantarea.com\/fr\/wp-json\/wp\/v2\/product"}],"about":[{"href":"https:\/\/avantarea.com\/fr\/wp-json\/wp\/v2\/types\/product"}],"replies":[{"embeddable":true,"href":"https:\/\/avantarea.com\/fr\/wp-json\/wp\/v2\/comments?post=87348"}],"wp:featuredmedia":[{"embeddable":true,"href":"https:\/\/avantarea.com\/fr\/wp-json\/wp\/v2\/media\/95769"}],"wp:attachment":[{"href":"https:\/\/avantarea.com\/fr\/wp-json\/wp\/v2\/media?parent=87348"}],"wp:term":[{"taxonomy":"product_brand","embeddable":true,"href":"https:\/\/avantarea.com\/fr\/wp-json\/wp\/v2\/product_brand?post=87348"},{"taxonomy":"product_cat","embeddable":true,"href":"https:\/\/avantarea.com\/fr\/wp-json\/wp\/v2\/product_cat?post=87348"},{"taxonomy":"product_tag","embeddable":true,"href":"https:\/\/avantarea.com\/fr\/wp-json\/wp\/v2\/product_tag?post=87348"}],"curies":[{"name":"wp","href":"https:\/\/api.w.org\/{rel}","templated":true}]}}