{"id":87251,"date":"2022-06-29T13:32:49","date_gmt":"2022-06-29T11:32:49","guid":{"rendered":"https:\/\/nueva.avantarea.com\/?post_type=product&#038;p=87251"},"modified":"2026-02-23T08:20:10","modified_gmt":"2026-02-23T07:20:10","slug":"inodoro-sein-compacto-negro-mate-copia","status":"publish","type":"product","link":"https:\/\/avantarea.com\/fr\/producto\/inodoro-sein-compacto-negro-mate-copia\/","title":{"rendered":"Inodoro Cuve compacte noir mat"},"content":{"rendered":"<p>WC Inodoro compact \u00e0 poser pour r\u00e9servoir encastr\u00e9. Conception de la sortie d&rsquo;eau \u00e0 double chasse 3L-4,5L garantissant un nettoyage efficace et des \u00e9conomies d&rsquo;eau. La partie interne du siphon est enti\u00e8rement \u00e9maill\u00e9e, ce qui rend l&rsquo;\u00e9vacuation lisse et emp\u00eache l&rsquo;accumulation de salet\u00e9. La surface est \u00e9maill\u00e9e avec un traitement sp\u00e9cial qui lui conf\u00e8re des propri\u00e9t\u00e9s antibact\u00e9riennes et facilite l&rsquo;hygi\u00e8ne. Toutes les charni\u00e8res des abattants int\u00e8grent un syst\u00e8me de montage\/d\u00e9montage tr\u00e8s simple ; une l\u00e9g\u00e8re rotation permet de retirer l&rsquo;abattant et d&rsquo;assurer un nettoyage facile du Inodoro. Abattant avec syst\u00e8me de fermeture amortie. Syst\u00e8me Rimless (sans bride) qui \u00e9limine les recoins inaccessibles au nettoyage.<\/p>\n","protected":false},"excerpt":{"rendered":"<p>WC Inodoro compact \u00e0 poser pour r\u00e9servoir encastr\u00e9. Conception de la sortie d&rsquo;eau \u00e0 double chasse 3L-4,5L garantissant un nettoyage efficace et des \u00e9conomies d&rsquo;eau. La partie interne du siphon&#8230;<\/p>\n","protected":false},"featured_media":24509,"comment_status":"closed","ping_status":"open","template":"","meta":[],"product_brand":[949],"product_cat":[575],"product_tag":[],"class_list":{"0":"post-87251","1":"product","2":"type-product","3":"status-publish","4":"has-post-thumbnail","6":"product_brand-inodoro","7":"product_cat-accesorios","8":"product_shipping_class-t20","10":"first","11":"instock","12":"purchasable","13":"product-type-simple"},"_links":{"self":[{"href":"https:\/\/avantarea.com\/fr\/wp-json\/wp\/v2\/product\/87251","targetHints":{"allow":["GET"]}}],"collection":[{"href":"https:\/\/avantarea.com\/fr\/wp-json\/wp\/v2\/product"}],"about":[{"href":"https:\/\/avantarea.com\/fr\/wp-json\/wp\/v2\/types\/product"}],"replies":[{"embeddable":true,"href":"https:\/\/avantarea.com\/fr\/wp-json\/wp\/v2\/comments?post=87251"}],"wp:featuredmedia":[{"embeddable":true,"href":"https:\/\/avantarea.com\/fr\/wp-json\/wp\/v2\/media\/24509"}],"wp:attachment":[{"href":"https:\/\/avantarea.com\/fr\/wp-json\/wp\/v2\/media?parent=87251"}],"wp:term":[{"taxonomy":"product_brand","embeddable":true,"href":"https:\/\/avantarea.com\/fr\/wp-json\/wp\/v2\/product_brand?post=87251"},{"taxonomy":"product_cat","embeddable":true,"href":"https:\/\/avantarea.com\/fr\/wp-json\/wp\/v2\/product_cat?post=87251"},{"taxonomy":"product_tag","embeddable":true,"href":"https:\/\/avantarea.com\/fr\/wp-json\/wp\/v2\/product_tag?post=87251"}],"curies":[{"name":"wp","href":"https:\/\/api.w.org\/{rel}","templated":true}]}}