{"id":87248,"date":"2022-06-29T13:32:49","date_gmt":"2022-06-29T11:32:49","guid":{"rendered":"https:\/\/nueva.avantarea.com\/?post_type=product&#038;p=87248"},"modified":"2026-02-23T08:19:17","modified_gmt":"2026-02-23T07:19:17","slug":"inodoro-molene-suspendido-blanco-brillo-copia","status":"publish","type":"product","link":"https:\/\/avantarea.com\/fr\/producto\/inodoro-molene-suspendido-blanco-brillo-copia\/","title":{"rendered":"Inodoro Molene suspendu blanc brillant"},"content":{"rendered":"<p>Inodoro suspendu pour r\u00e9servoir encastr\u00e9. Syst\u00e8me de double chasse 3L-4,5L qui assure un nettoyage efficace et une \u00e9conomie d&rsquo;eau. La partie interne du siphon est enti\u00e8rement \u00e9maill\u00e9e, ce qui assure une \u00e9vacuation lisse et ne laisse aucune zone o\u00f9 la salet\u00e9 pourrait s&rsquo;accumuler. La surface est \u00e9maill\u00e9e avec un traitement sp\u00e9cial qui lui conf\u00e8re des propri\u00e9t\u00e9s antibact\u00e9riennes et facilite l&rsquo;hygi\u00e8ne. Toutes les charni\u00e8res des abattants incluent un syst\u00e8me de montage\/d\u00e9montage tr\u00e8s simple ; avec une l\u00e9g\u00e8re rotation, l&rsquo;abattant peut \u00eatre retir\u00e9, garantissant ainsi un nettoyage facile du Inodoro. Abattant avec syst\u00e8me de fermeture amortie. Syst\u00e8me Rimless qui \u00e9vite la formation de recoins inaccessibles pour le nettoyage. Pour l&rsquo;installation, l&rsquo;achat de la structure de support pour Inodoro suspendu est indispensable.<\/p>\n","protected":false},"excerpt":{"rendered":"<p>Inodoro suspendu pour r\u00e9servoir encastr\u00e9. Syst\u00e8me de double chasse 3L-4,5L qui assure un nettoyage efficace et une \u00e9conomie d&rsquo;eau. La partie interne du siphon est enti\u00e8rement \u00e9maill\u00e9e, ce qui assure&#8230;<\/p>\n","protected":false},"featured_media":24534,"comment_status":"closed","ping_status":"open","template":"","meta":[],"product_brand":[949],"product_cat":[575],"product_tag":[],"class_list":{"0":"post-87248","1":"product","2":"type-product","3":"status-publish","4":"has-post-thumbnail","6":"product_brand-inodoro","7":"product_cat-accesorios","8":"product_shipping_class-t20","10":"first","11":"instock","12":"purchasable","13":"product-type-simple"},"_links":{"self":[{"href":"https:\/\/avantarea.com\/fr\/wp-json\/wp\/v2\/product\/87248","targetHints":{"allow":["GET"]}}],"collection":[{"href":"https:\/\/avantarea.com\/fr\/wp-json\/wp\/v2\/product"}],"about":[{"href":"https:\/\/avantarea.com\/fr\/wp-json\/wp\/v2\/types\/product"}],"replies":[{"embeddable":true,"href":"https:\/\/avantarea.com\/fr\/wp-json\/wp\/v2\/comments?post=87248"}],"wp:featuredmedia":[{"embeddable":true,"href":"https:\/\/avantarea.com\/fr\/wp-json\/wp\/v2\/media\/24534"}],"wp:attachment":[{"href":"https:\/\/avantarea.com\/fr\/wp-json\/wp\/v2\/media?parent=87248"}],"wp:term":[{"taxonomy":"product_brand","embeddable":true,"href":"https:\/\/avantarea.com\/fr\/wp-json\/wp\/v2\/product_brand?post=87248"},{"taxonomy":"product_cat","embeddable":true,"href":"https:\/\/avantarea.com\/fr\/wp-json\/wp\/v2\/product_cat?post=87248"},{"taxonomy":"product_tag","embeddable":true,"href":"https:\/\/avantarea.com\/fr\/wp-json\/wp\/v2\/product_tag?post=87248"}],"curies":[{"name":"wp","href":"https:\/\/api.w.org\/{rel}","templated":true}]}}