{"id":87236,"date":"2022-09-02T10:14:30","date_gmt":"2022-09-02T08:14:30","guid":{"rendered":"https:\/\/nueva.avantarea.com\/?post_type=product&#038;p=87236"},"modified":"2026-02-25T08:22:49","modified_gmt":"2026-02-25T07:22:49","slug":"pack-versailles-lavabo-espejo-led-copia","status":"publish","type":"product","link":"https:\/\/avantarea.com\/fr\/producto\/pack-versailles-lavabo-espejo-led-copia\/","title":{"rendered":"Pack VERSAILLES + lavabo + miroir LED"},"content":{"rendered":"<p>Ensemble de salle de bain compos\u00e9 d&rsquo;un meuble suspendu, d&rsquo;une vasque \u00e0 poser et d&rsquo;un miroir LED. Meuble sous-vasque compos\u00e9 de deux parties fixes et d&rsquo;un tiroir inf\u00e9rieur. Ouverture du tiroir par le bas gr\u00e2ce \u00e0 une fa\u00e7ade d\u00e9bordante. Meuble fabriqu\u00e9 en panneau de particules de 19 mm avec rev\u00eatement m\u00e9lamin\u00e9. Tiroir m\u00e9tallique \u00e0 double paroi \u00e0 l&rsquo;esth\u00e9tique minimaliste, aux parois fines et aux lignes droites, avec fermeture amortie et une capacit\u00e9 de charge de 25 kg. Tiroir \u00e0 pleine extension et espace arri\u00e8re disponible. Vasque \u00e0 poser en c\u00e9ramique blanc brillant. Robinet mural. Miroir LED inclus IP44, 6000\u00baK, 14,4W, 1320 lumens. Livr\u00e9 mont\u00e9, pr\u00eat \u00e0 \u00eatre accroch\u00e9 au mur. Comprend toute la quincaillerie n\u00e9cessaire. Fabriqu\u00e9 en Espagne. Robinet et siphon non inclus.<\/p>\n","protected":false},"excerpt":{"rendered":"<p>Ensemble de salle de bain compos\u00e9 d&rsquo;un meuble suspendu, d&rsquo;une vasque \u00e0 poser et d&rsquo;un miroir LED. Meuble sous-vasque compos\u00e9 de deux parties fixes et d&rsquo;un tiroir inf\u00e9rieur. Ouverture du&#8230;<\/p>\n","protected":false},"featured_media":19368,"comment_status":"closed","ping_status":"closed","template":"","meta":[],"product_brand":[968],"product_cat":[1170],"product_tag":[],"class_list":{"0":"post-87236","1":"product","2":"type-product","3":"status-publish","4":"has-post-thumbnail","6":"product_brand-versailles","7":"product_cat-muebles-de-bano","8":"pa_color-azabache","9":"pa_color-blanco","10":"pa_color-nogal","11":"pa_color-roble","12":"pa_medidas-378","13":"pa_medidas-383","15":"first","16":"instock","17":"purchasable","18":"product-type-variable"},"_links":{"self":[{"href":"https:\/\/avantarea.com\/fr\/wp-json\/wp\/v2\/product\/87236","targetHints":{"allow":["GET"]}}],"collection":[{"href":"https:\/\/avantarea.com\/fr\/wp-json\/wp\/v2\/product"}],"about":[{"href":"https:\/\/avantarea.com\/fr\/wp-json\/wp\/v2\/types\/product"}],"replies":[{"embeddable":true,"href":"https:\/\/avantarea.com\/fr\/wp-json\/wp\/v2\/comments?post=87236"}],"wp:featuredmedia":[{"embeddable":true,"href":"https:\/\/avantarea.com\/fr\/wp-json\/wp\/v2\/media\/19368"}],"wp:attachment":[{"href":"https:\/\/avantarea.com\/fr\/wp-json\/wp\/v2\/media?parent=87236"}],"wp:term":[{"taxonomy":"product_brand","embeddable":true,"href":"https:\/\/avantarea.com\/fr\/wp-json\/wp\/v2\/product_brand?post=87236"},{"taxonomy":"product_cat","embeddable":true,"href":"https:\/\/avantarea.com\/fr\/wp-json\/wp\/v2\/product_cat?post=87236"},{"taxonomy":"product_tag","embeddable":true,"href":"https:\/\/avantarea.com\/fr\/wp-json\/wp\/v2\/product_tag?post=87236"}],"curies":[{"name":"wp","href":"https:\/\/api.w.org\/{rel}","templated":true}]}}