{"id":87157,"date":"2022-09-02T10:17:08","date_gmt":"2022-09-02T08:17:08","guid":{"rendered":"https:\/\/nueva.avantarea.com\/?post_type=product&#038;p=87157"},"modified":"2026-02-25T08:23:17","modified_gmt":"2026-02-25T07:23:17","slug":"pack-carcassonne-negro-lavabo-espejo-led-copia","status":"publish","type":"product","link":"https:\/\/avantarea.com\/fr\/producto\/pack-carcassonne-negro-lavabo-espejo-led-copia\/","title":{"rendered":"Pack CARCASSONNE noir + lavabo + miroir LED"},"content":{"rendered":"<p>Pack compos\u00e9 d&rsquo;un meuble suspendu, d&rsquo;une vasque \u00e0 poser et d&rsquo;un miroir LED. Meuble sous-vasque suspendu compos\u00e9 d&rsquo;un tiroir avec fa\u00e7ade ins\u00e9r\u00e9e et \u00e9clairage LED. Ouverture par fa\u00e7ade en saillie. Meuble fabriqu\u00e9 en panneau de particules de 19 mm avec rev\u00eatement m\u00e9lamin\u00e9. \u00c9clairage LED sous le plan de travail du meuble. Tiroir m\u00e9tallique \u00e0 double paroi \u00e0 l&rsquo;esth\u00e9tique minimaliste, aux parois fines et aux lignes droites, avec fermeture amortie et une capacit\u00e9 de charge de 25 kg. Tiroir \u00e0 pleine extension et espace arri\u00e8re disponible. Vasque \u00e0 poser en finition noir mat. Miroir LED inclus IP44, 6000\u00baK, 14,4W, 1320 lumens. Livr\u00e9 mont\u00e9, pr\u00eat \u00e0 \u00eatre fix\u00e9 au mur. Comprend toute la quincaillerie n\u00e9cessaire. Fabriqu\u00e9 en Espagne. Robinet et siphon non inclus.<\/p>\n","protected":false},"excerpt":{"rendered":"<p>Pack compos\u00e9 d&rsquo;un meuble suspendu, d&rsquo;une vasque \u00e0 poser et d&rsquo;un miroir LED. Meuble sous-vasque suspendu compos\u00e9 d&rsquo;un tiroir avec fa\u00e7ade ins\u00e9r\u00e9e et \u00e9clairage LED. Ouverture par fa\u00e7ade en saillie&#8230;.<\/p>\n","protected":false},"featured_media":120995,"comment_status":"closed","ping_status":"closed","template":"","meta":[],"product_brand":[948],"product_cat":[1170],"product_tag":[],"class_list":{"0":"post-87157","1":"product","2":"type-product","3":"status-publish","4":"has-post-thumbnail","6":"product_brand-carcassonne","7":"product_cat-muebles-de-bano","8":"pa_color-azabache","9":"pa_color-bardolino","10":"pa_color-blanco","11":"pa_color-nogal","12":"pa_medidas-369","13":"pa_medidas-378","14":"pa_medidas-383","15":"pa_medidas-370","17":"first","18":"instock","19":"purchasable","20":"product-type-variable"},"_links":{"self":[{"href":"https:\/\/avantarea.com\/fr\/wp-json\/wp\/v2\/product\/87157","targetHints":{"allow":["GET"]}}],"collection":[{"href":"https:\/\/avantarea.com\/fr\/wp-json\/wp\/v2\/product"}],"about":[{"href":"https:\/\/avantarea.com\/fr\/wp-json\/wp\/v2\/types\/product"}],"replies":[{"embeddable":true,"href":"https:\/\/avantarea.com\/fr\/wp-json\/wp\/v2\/comments?post=87157"}],"wp:featuredmedia":[{"embeddable":true,"href":"https:\/\/avantarea.com\/fr\/wp-json\/wp\/v2\/media\/120995"}],"wp:attachment":[{"href":"https:\/\/avantarea.com\/fr\/wp-json\/wp\/v2\/media?parent=87157"}],"wp:term":[{"taxonomy":"product_brand","embeddable":true,"href":"https:\/\/avantarea.com\/fr\/wp-json\/wp\/v2\/product_brand?post=87157"},{"taxonomy":"product_cat","embeddable":true,"href":"https:\/\/avantarea.com\/fr\/wp-json\/wp\/v2\/product_cat?post=87157"},{"taxonomy":"product_tag","embeddable":true,"href":"https:\/\/avantarea.com\/fr\/wp-json\/wp\/v2\/product_tag?post=87157"}],"curies":[{"name":"wp","href":"https:\/\/api.w.org\/{rel}","templated":true}]}}