{"id":87146,"date":"2022-09-02T10:18:12","date_gmt":"2022-09-02T08:18:12","guid":{"rendered":"https:\/\/nueva.avantarea.com\/?post_type=product&#038;p=87146"},"modified":"2026-04-01T12:37:03","modified_gmt":"2026-04-01T10:37:03","slug":"pack-chambord-lavabo-espejo-led-copia","status":"publish","type":"product","link":"https:\/\/avantarea.com\/fr\/producto\/pack-chambord-lavabo-espejo-led-copia\/","title":{"rendered":"Pack CHAMBORD + lavabo + miroir LED"},"content":{"rendered":"<p>Pack compos\u00e9 d&rsquo;un meuble suspendu, d&rsquo;une vasque \u00e0 poser et d&rsquo;un miroir LED. Meuble sous-vasque compos\u00e9 de deux modules tiroirs et d&rsquo;un module porte, avec pi\u00e8ce d\u00e9corative en verre. Meuble fabriqu\u00e9 en panneau de particules m\u00e9lamin\u00e9 de 19mm. Tiroirs m\u00e9talliques \u00e0 double paroi \u00e0 l&rsquo;esth\u00e9tique minimaliste, avec des c\u00f4t\u00e9s fins et des lignes droites, avec fermeture amortie et une capacit\u00e9 de charge de 25 kg. Tiroirs \u00e0 pleine extension et espace arri\u00e8re disponible. Vasque \u00e0 poser en c\u00e9ramique blanc brillant. Robinetterie murale. Miroir simple et applique LED incluse IP65, 6000\u00baK, 10,8W, 1170 lumens. Livr\u00e9 mont\u00e9, pr\u00eat \u00e0 \u00eatre fix\u00e9 au mur.  Comprend toute la quincaillerie n\u00e9cessaire. Fabriqu\u00e9 en Espagne. Robinet et siphon non inclus.<\/p>\n","protected":false},"excerpt":{"rendered":"<p>Pack compos\u00e9 d&rsquo;un meuble suspendu, d&rsquo;une vasque \u00e0 poser et d&rsquo;un miroir LED. Meuble sous-vasque compos\u00e9 de deux modules tiroirs et d&rsquo;un module porte, avec pi\u00e8ce d\u00e9corative en verre. Meuble&#8230;<\/p>\n","protected":false},"featured_media":121100,"comment_status":"closed","ping_status":"closed","template":"","meta":[],"product_brand":[947],"product_cat":[1170],"product_tag":[],"class_list":{"0":"post-87146","1":"product","2":"type-product","3":"status-publish","4":"has-post-thumbnail","6":"product_brand-chambord","7":"product_cat-muebles-de-bano","8":"pa_color-azabache","9":"pa_color-bardolino","10":"pa_color-blanco","11":"pa_color-nogal","12":"pa_medidas-140-2","13":"pa_medidas-378","15":"first","16":"instock","17":"purchasable","18":"product-type-variable"},"_links":{"self":[{"href":"https:\/\/avantarea.com\/fr\/wp-json\/wp\/v2\/product\/87146","targetHints":{"allow":["GET"]}}],"collection":[{"href":"https:\/\/avantarea.com\/fr\/wp-json\/wp\/v2\/product"}],"about":[{"href":"https:\/\/avantarea.com\/fr\/wp-json\/wp\/v2\/types\/product"}],"replies":[{"embeddable":true,"href":"https:\/\/avantarea.com\/fr\/wp-json\/wp\/v2\/comments?post=87146"}],"wp:featuredmedia":[{"embeddable":true,"href":"https:\/\/avantarea.com\/fr\/wp-json\/wp\/v2\/media\/121100"}],"wp:attachment":[{"href":"https:\/\/avantarea.com\/fr\/wp-json\/wp\/v2\/media?parent=87146"}],"wp:term":[{"taxonomy":"product_brand","embeddable":true,"href":"https:\/\/avantarea.com\/fr\/wp-json\/wp\/v2\/product_brand?post=87146"},{"taxonomy":"product_cat","embeddable":true,"href":"https:\/\/avantarea.com\/fr\/wp-json\/wp\/v2\/product_cat?post=87146"},{"taxonomy":"product_tag","embeddable":true,"href":"https:\/\/avantarea.com\/fr\/wp-json\/wp\/v2\/product_tag?post=87146"}],"curies":[{"name":"wp","href":"https:\/\/api.w.org\/{rel}","templated":true}]}}