{"id":87143,"date":"2022-09-07T09:22:50","date_gmt":"2022-09-07T07:22:50","guid":{"rendered":"https:\/\/nueva.avantarea.com\/?post_type=product&#038;p=87143"},"modified":"2026-02-23T08:16:34","modified_gmt":"2026-02-23T07:16:34","slug":"pack-inodoro-molene-compacto-blanco-brillo-copia","status":"publish","type":"product","link":"https:\/\/avantarea.com\/fr\/producto\/pack-inodoro-molene-compacto-blanco-brillo-copia\/","title":{"rendered":"Pack Inodoro Molene compact blanc brillant"},"content":{"rendered":"<p>Pack compact Inodoro. Conception de sortie d&rsquo;eau \u00e0 double chasse 3L-4,5L qui garantit un nettoyage ad\u00e9quat et des \u00e9conomies d&rsquo;eau. La partie interne du siphon est enti\u00e8rement \u00e9maill\u00e9e, de sorte que l&rsquo;\u00e9vacuation est lisse et ne pr\u00e9sente aucun endroit o\u00f9 la salet\u00e9 pourrait s&rsquo;accumuler. La surface est \u00e9maill\u00e9e avec un traitement sp\u00e9cial qui lui conf\u00e8re des propri\u00e9t\u00e9s antibact\u00e9riennes et facilite l&rsquo;hygi\u00e8ne. Toutes les charni\u00e8res des abattants incluent un syst\u00e8me de montage\/d\u00e9montage tr\u00e8s simple ; une l\u00e9g\u00e8re rotation permet de d\u00e9monter l&rsquo;abattant et de garantir un nettoyage facile du Inodoro. Abattant avec syst\u00e8me de fermeture amortie. Syst\u00e8me Rimless qui emp\u00eache la formation de recoins inaccessibles pour le nettoyage.<br \/>\nLe pack comprend deux cartons : 1er carton Inodoro + Manchon de raccordement Inodoro + Abattant + Visserie, 2\u00e8me carton R\u00e9servoir + M\u00e9canisme + Couvercle de r\u00e9servoir + Visserie.<\/p>\n","protected":false},"excerpt":{"rendered":"<p>Pack compact Inodoro. Conception de sortie d&rsquo;eau \u00e0 double chasse 3L-4,5L qui garantit un nettoyage ad\u00e9quat et des \u00e9conomies d&rsquo;eau. La partie interne du siphon est enti\u00e8rement \u00e9maill\u00e9e, de sorte&#8230;<\/p>\n","protected":false},"featured_media":99383,"comment_status":"closed","ping_status":"open","template":"","meta":[],"product_brand":[949],"product_cat":[575],"product_tag":[],"class_list":{"0":"post-87143","1":"product","2":"type-product","3":"status-publish","4":"has-post-thumbnail","6":"product_brand-inodoro","7":"product_cat-accesorios","9":"first","10":"instock","11":"purchasable","12":"product-type-simple"},"_links":{"self":[{"href":"https:\/\/avantarea.com\/fr\/wp-json\/wp\/v2\/product\/87143","targetHints":{"allow":["GET"]}}],"collection":[{"href":"https:\/\/avantarea.com\/fr\/wp-json\/wp\/v2\/product"}],"about":[{"href":"https:\/\/avantarea.com\/fr\/wp-json\/wp\/v2\/types\/product"}],"replies":[{"embeddable":true,"href":"https:\/\/avantarea.com\/fr\/wp-json\/wp\/v2\/comments?post=87143"}],"wp:featuredmedia":[{"embeddable":true,"href":"https:\/\/avantarea.com\/fr\/wp-json\/wp\/v2\/media\/99383"}],"wp:attachment":[{"href":"https:\/\/avantarea.com\/fr\/wp-json\/wp\/v2\/media?parent=87143"}],"wp:term":[{"taxonomy":"product_brand","embeddable":true,"href":"https:\/\/avantarea.com\/fr\/wp-json\/wp\/v2\/product_brand?post=87143"},{"taxonomy":"product_cat","embeddable":true,"href":"https:\/\/avantarea.com\/fr\/wp-json\/wp\/v2\/product_cat?post=87143"},{"taxonomy":"product_tag","embeddable":true,"href":"https:\/\/avantarea.com\/fr\/wp-json\/wp\/v2\/product_tag?post=87143"}],"curies":[{"name":"wp","href":"https:\/\/api.w.org\/{rel}","templated":true}]}}