{"id":87142,"date":"2022-10-17T06:56:27","date_gmt":"2022-10-17T04:56:27","guid":{"rendered":"https:\/\/nueva.avantarea.com\/?post_type=product&#038;p=87142"},"modified":"2026-02-23T08:16:20","modified_gmt":"2026-02-23T07:16:20","slug":"pack-narbonne-blanco-mate-lavabo-espejo-liso-foco-led-copia-2","status":"publish","type":"product","link":"https:\/\/avantarea.com\/fr\/producto\/pack-narbonne-blanco-mate-lavabo-espejo-liso-foco-led-copia-2\/","title":{"rendered":"Pack NARBONNE blanc mat + lavabo + miroir lisse + spot LED"},"content":{"rendered":"<p>Pack compos\u00e9 d&rsquo;un meuble suspendu, d&rsquo;une vasque \u00e0 poser, d&rsquo;un miroir simple et d&rsquo;une applique LED. Plan de toilette suspendu pour lavabo couleur blanc mat, plus meuble compos\u00e9 d&rsquo;un tiroir. Meuble fabriqu\u00e9 en panneau de particules m\u00e9lamin\u00e9 de 19mm. Tiroirs m\u00e9talliques \u00e0 double paroi \u00e0 l&rsquo;esth\u00e9tique minimaliste, aux parois fines et aux lignes droites, avec fermeture amortie et une capacit\u00e9 de charge de 25 kg. Tiroirs \u00e0 pleine extension et espace arri\u00e8re disponible. Vasque \u00e0 poser en c\u00e9ramique de couleur blanc brillant. Plan de toilette pr\u00e9-perc\u00e9 pour vasque et robinetterie. Miroir simple et applique LED incluse IP65, 6000\u00baK, 10,8W, 1170 lumens. Livr\u00e9 mont\u00e9, pr\u00eat \u00e0 \u00eatre fix\u00e9 au mur. Comprend toute la quincaillerie n\u00e9cessaire. Fabriqu\u00e9 en Espagne. Robinet et siphon non inclus.<\/p>\n","protected":false},"excerpt":{"rendered":"<p>Pack compos\u00e9 d&rsquo;un meuble suspendu, d&rsquo;une vasque \u00e0 poser, d&rsquo;un miroir simple et d&rsquo;une applique LED. Plan de toilette suspendu pour lavabo couleur blanc mat, plus meuble compos\u00e9 d&rsquo;un tiroir&#8230;.<\/p>\n","protected":false},"featured_media":99650,"comment_status":"closed","ping_status":"open","template":"","meta":[],"product_brand":[],"product_cat":[577],"product_tag":[],"class_list":{"0":"post-87142","1":"product","2":"type-product","3":"status-publish","4":"has-post-thumbnail","6":"product_cat-muebles-de-bano","8":"first","9":"outofstock","10":"purchasable","11":"product-type-variable"},"_links":{"self":[{"href":"https:\/\/avantarea.com\/fr\/wp-json\/wp\/v2\/product\/87142","targetHints":{"allow":["GET"]}}],"collection":[{"href":"https:\/\/avantarea.com\/fr\/wp-json\/wp\/v2\/product"}],"about":[{"href":"https:\/\/avantarea.com\/fr\/wp-json\/wp\/v2\/types\/product"}],"replies":[{"embeddable":true,"href":"https:\/\/avantarea.com\/fr\/wp-json\/wp\/v2\/comments?post=87142"}],"wp:featuredmedia":[{"embeddable":true,"href":"https:\/\/avantarea.com\/fr\/wp-json\/wp\/v2\/media\/99650"}],"wp:attachment":[{"href":"https:\/\/avantarea.com\/fr\/wp-json\/wp\/v2\/media?parent=87142"}],"wp:term":[{"taxonomy":"product_brand","embeddable":true,"href":"https:\/\/avantarea.com\/fr\/wp-json\/wp\/v2\/product_brand?post=87142"},{"taxonomy":"product_cat","embeddable":true,"href":"https:\/\/avantarea.com\/fr\/wp-json\/wp\/v2\/product_cat?post=87142"},{"taxonomy":"product_tag","embeddable":true,"href":"https:\/\/avantarea.com\/fr\/wp-json\/wp\/v2\/product_tag?post=87142"}],"curies":[{"name":"wp","href":"https:\/\/api.w.org\/{rel}","templated":true}]}}