{"id":87110,"date":"2022-10-17T06:59:34","date_gmt":"2022-10-17T04:59:34","guid":{"rendered":"https:\/\/nueva.avantarea.com\/?post_type=product&#038;p=87110"},"modified":"2026-02-25T08:23:17","modified_gmt":"2026-02-25T07:23:17","slug":"pack-narbonne-negro-mate-lavabo-espejo-liso-foco-led-copia","status":"publish","type":"product","link":"https:\/\/avantarea.com\/fr\/producto\/pack-narbonne-negro-mate-lavabo-espejo-liso-foco-led-copia\/","title":{"rendered":"Pack NARBONNE noir mat + lavabo + miroir lisse + spot LED"},"content":{"rendered":"<p>Pack compos\u00e9 d&rsquo;un meuble suspendu, d&rsquo;une vasque \u00e0 poser, d&rsquo;un miroir simple et d&rsquo;une applique LED. Plan de travail suspendu pour lavabo couleur noir mat, plus meuble compos\u00e9 d&rsquo;un tiroir. Meuble fabriqu\u00e9 en panneau de particules m\u00e9lamin\u00e9 de 19mm. Tiroirs m\u00e9talliques \u00e0 double paroi \u00e0 l&rsquo;esth\u00e9tique minimaliste, avec des c\u00f4t\u00e9s fins et des lignes droites, dot\u00e9s d&rsquo;une fermeture amortie et d&rsquo;une capacit\u00e9 de charge de 25 kg. Tiroirs \u00e0 pleine extension et espace arri\u00e8re disponible. Vasque \u00e0 poser en c\u00e9ramique de couleur noir mat. Plan de travail pr\u00e9-perc\u00e9 pour vasque et robinetterie. Miroir simple et applique LED incluse IP65, 6000\u00baK, 10,8W, 1170 lumens. Livr\u00e9 mont\u00e9, pr\u00eat \u00e0 \u00eatre fix\u00e9 au mur. Comprend toute la quincaillerie n\u00e9cessaire. Fabriqu\u00e9 en Espagne. Robinet et siphon non inclus.<\/p>\n","protected":false},"excerpt":{"rendered":"<p>Pack compos\u00e9 d&rsquo;un meuble suspendu, d&rsquo;une vasque \u00e0 poser, d&rsquo;un miroir simple et d&rsquo;une applique LED. Plan de travail suspendu pour lavabo couleur noir mat, plus meuble compos\u00e9 d&rsquo;un tiroir&#8230;.<\/p>\n","protected":false},"featured_media":19285,"comment_status":"closed","ping_status":"closed","template":"","meta":[],"product_brand":[946],"product_cat":[1170],"product_tag":[],"class_list":{"0":"post-87110","1":"product","2":"type-product","3":"status-publish","4":"has-post-thumbnail","6":"product_brand-narbonne","7":"product_cat-muebles-de-bano","8":"pa_color-noir-noyer-2","9":"pa_color-noir-mat-blanc-2","10":"pa_color-noir-mat-chene-2","11":"pa_color-noir-mat-jais-2","12":"pa_medidas-378","13":"pa_medidas-383","14":"pa_medidas-370","16":"first","17":"instock","18":"purchasable","19":"product-type-variable"},"_links":{"self":[{"href":"https:\/\/avantarea.com\/fr\/wp-json\/wp\/v2\/product\/87110","targetHints":{"allow":["GET"]}}],"collection":[{"href":"https:\/\/avantarea.com\/fr\/wp-json\/wp\/v2\/product"}],"about":[{"href":"https:\/\/avantarea.com\/fr\/wp-json\/wp\/v2\/types\/product"}],"replies":[{"embeddable":true,"href":"https:\/\/avantarea.com\/fr\/wp-json\/wp\/v2\/comments?post=87110"}],"wp:featuredmedia":[{"embeddable":true,"href":"https:\/\/avantarea.com\/fr\/wp-json\/wp\/v2\/media\/19285"}],"wp:attachment":[{"href":"https:\/\/avantarea.com\/fr\/wp-json\/wp\/v2\/media?parent=87110"}],"wp:term":[{"taxonomy":"product_brand","embeddable":true,"href":"https:\/\/avantarea.com\/fr\/wp-json\/wp\/v2\/product_brand?post=87110"},{"taxonomy":"product_cat","embeddable":true,"href":"https:\/\/avantarea.com\/fr\/wp-json\/wp\/v2\/product_cat?post=87110"},{"taxonomy":"product_tag","embeddable":true,"href":"https:\/\/avantarea.com\/fr\/wp-json\/wp\/v2\/product_tag?post=87110"}],"curies":[{"name":"wp","href":"https:\/\/api.w.org\/{rel}","templated":true}]}}