{"id":87099,"date":"2022-10-17T07:01:22","date_gmt":"2022-10-17T05:01:22","guid":{"rendered":"https:\/\/nueva.avantarea.com\/?post_type=product&#038;p=87099"},"modified":"2026-02-25T08:23:17","modified_gmt":"2026-02-25T07:23:17","slug":"pack-bossuet-blanco-mate-80-cm-lavabo-espejo-led-copia","status":"publish","type":"product","link":"https:\/\/avantarea.com\/fr\/producto\/pack-bossuet-blanco-mate-80-cm-lavabo-espejo-led-copia\/","title":{"rendered":"Pack BOSSUET blanc mat 80 cm + lavabo + miroir LED"},"content":{"rendered":"<p>Pack compos\u00e9 d&rsquo;un meuble suspendu, d&rsquo;une vasque et d&rsquo;un miroir LED. Meuble sous-vasque compos\u00e9 d&rsquo;un module suspendu avec deux tiroirs. Meuble fabriqu\u00e9 en panneau de particules de 19 mm avec rev\u00eatement m\u00e9lamin\u00e9. Tiroir m\u00e9tallique \u00e0 double paroi \u00e0 l&rsquo;esth\u00e9tique minimaliste, avec des flancs fins et des lignes droites, dot\u00e9 d&rsquo;une fermeture amortie et d&rsquo;une capacit\u00e9 de charge de 25 kg. Tiroir avec accessibilit\u00e9 totale et espace arri\u00e8re disponible. Ouverture par poign\u00e9e finition noir mat. Vasque en c\u00e9ramique de couleur blanc brillant. Robinet mural. Miroir LED inclus IP44, 6000\u00baK, 14,4W, 1320 lumens. Livr\u00e9 mont\u00e9, pr\u00eat \u00e0 \u00eatre accroch\u00e9 au mur. Comprend toute la quincaillerie n\u00e9cessaire. Fabriqu\u00e9 en Espagne. Robinet et siphon non inclus.<\/p>\n","protected":false},"excerpt":{"rendered":"<p>Pack compos\u00e9 d&rsquo;un meuble suspendu, d&rsquo;une vasque et d&rsquo;un miroir LED. Meuble sous-vasque compos\u00e9 d&rsquo;un module suspendu avec deux tiroirs. Meuble fabriqu\u00e9 en panneau de particules de 19 mm avec&#8230;<\/p>\n","protected":false},"featured_media":99799,"comment_status":"closed","ping_status":"closed","template":"","meta":[],"product_brand":[945],"product_cat":[511],"product_tag":[],"class_list":{"0":"post-87099","1":"product","2":"type-product","3":"status-publish","4":"has-post-thumbnail","6":"product_brand-bossuet","7":"product_cat-sin-categoria","8":"pa_color-azabache","9":"pa_color-bardolino","10":"pa_color-blanco-mate","11":"pa_color-nogal","12":"pa_medidas-378","13":"pa_medidas-370","15":"first","16":"instock","17":"purchasable","18":"product-type-variable"},"_links":{"self":[{"href":"https:\/\/avantarea.com\/fr\/wp-json\/wp\/v2\/product\/87099","targetHints":{"allow":["GET"]}}],"collection":[{"href":"https:\/\/avantarea.com\/fr\/wp-json\/wp\/v2\/product"}],"about":[{"href":"https:\/\/avantarea.com\/fr\/wp-json\/wp\/v2\/types\/product"}],"replies":[{"embeddable":true,"href":"https:\/\/avantarea.com\/fr\/wp-json\/wp\/v2\/comments?post=87099"}],"wp:featuredmedia":[{"embeddable":true,"href":"https:\/\/avantarea.com\/fr\/wp-json\/wp\/v2\/media\/99799"}],"wp:attachment":[{"href":"https:\/\/avantarea.com\/fr\/wp-json\/wp\/v2\/media?parent=87099"}],"wp:term":[{"taxonomy":"product_brand","embeddable":true,"href":"https:\/\/avantarea.com\/fr\/wp-json\/wp\/v2\/product_brand?post=87099"},{"taxonomy":"product_cat","embeddable":true,"href":"https:\/\/avantarea.com\/fr\/wp-json\/wp\/v2\/product_cat?post=87099"},{"taxonomy":"product_tag","embeddable":true,"href":"https:\/\/avantarea.com\/fr\/wp-json\/wp\/v2\/product_tag?post=87099"}],"curies":[{"name":"wp","href":"https:\/\/api.w.org\/{rel}","templated":true}]}}