{"id":87090,"date":"2022-12-13T09:07:35","date_gmt":"2022-12-13T08:07:35","guid":{"rendered":"https:\/\/nueva.avantarea.com\/?post_type=product&#038;p=87090"},"modified":"2026-02-25T08:23:29","modified_gmt":"2026-02-25T07:23:29","slug":"pack-loir-lavabo-espejo-led-copia","status":"publish","type":"product","link":"https:\/\/avantarea.com\/fr\/producto\/pack-loir-lavabo-espejo-led-copia\/","title":{"rendered":"Pack LOIR + lavabo + miroir LED"},"content":{"rendered":"<p>Ensemble compos\u00e9 d&rsquo;un meuble suspendu, d&rsquo;une vasque et d&rsquo;un miroir LED. Meuble sous-vasque compos\u00e9 d&rsquo;un module suspendu avec tiroir et porte. Plan de toilette finition noir mat assorti \u00e0 la vasque de la m\u00eame couleur. Porte d\u00e9corative en finition dor\u00e9e. Meuble fabriqu\u00e9 en panneau de particules de 19 mm avec rev\u00eatement m\u00e9lamin\u00e9. Tiroir m\u00e9tallique \u00e0 double paroi \u00e0 l&rsquo;esth\u00e9tique minimaliste, aux parois fines et aux lignes droites, avec fermeture amortie et une capacit\u00e9 de charge de 25 kg. Tiroir \u00e0 pleine extension et espace arri\u00e8re disponible. Porte avec v\u00e9rin amortisseur pour une fermeture douce. R\u00e9glage tridimensionnel pour une plus grande pr\u00e9cision. Vasque en c\u00e9ramique de couleur noir mat. Robinetterie sur meuble. Miroir LED inclus IP44, 6000\u00baK, 14,4W, 1320 lumens. Livr\u00e9 mont\u00e9, pr\u00eat \u00e0 \u00eatre fix\u00e9 au mur. Comprend toute la quincaillerie n\u00e9cessaire. Fabriqu\u00e9 en Espagne. Robinet et siphon non inclus.<\/p>\n","protected":false},"excerpt":{"rendered":"<p>Ensemble compos\u00e9 d&rsquo;un meuble suspendu, d&rsquo;une vasque et d&rsquo;un miroir LED. Meuble sous-vasque compos\u00e9 d&rsquo;un module suspendu avec tiroir et porte. Plan de toilette finition noir mat assorti \u00e0 la&#8230;<\/p>\n","protected":false},"featured_media":16889,"comment_status":"closed","ping_status":"open","template":"","meta":[],"product_brand":[967],"product_cat":[577],"product_tag":[],"class_list":{"0":"post-87090","1":"product","2":"type-product","3":"status-publish","4":"has-post-thumbnail","6":"product_brand-loir","7":"product_cat-muebles-de-bano","8":"pa_color-bardolino","9":"pa_color-blanco","10":"pa_color-negro","11":"pa_color-nogal","12":"pa_medidas-378","13":"pa_medidas-492","15":"first","16":"instock","17":"purchasable","18":"product-type-variable"},"_links":{"self":[{"href":"https:\/\/avantarea.com\/fr\/wp-json\/wp\/v2\/product\/87090","targetHints":{"allow":["GET"]}}],"collection":[{"href":"https:\/\/avantarea.com\/fr\/wp-json\/wp\/v2\/product"}],"about":[{"href":"https:\/\/avantarea.com\/fr\/wp-json\/wp\/v2\/types\/product"}],"replies":[{"embeddable":true,"href":"https:\/\/avantarea.com\/fr\/wp-json\/wp\/v2\/comments?post=87090"}],"wp:featuredmedia":[{"embeddable":true,"href":"https:\/\/avantarea.com\/fr\/wp-json\/wp\/v2\/media\/16889"}],"wp:attachment":[{"href":"https:\/\/avantarea.com\/fr\/wp-json\/wp\/v2\/media?parent=87090"}],"wp:term":[{"taxonomy":"product_brand","embeddable":true,"href":"https:\/\/avantarea.com\/fr\/wp-json\/wp\/v2\/product_brand?post=87090"},{"taxonomy":"product_cat","embeddable":true,"href":"https:\/\/avantarea.com\/fr\/wp-json\/wp\/v2\/product_cat?post=87090"},{"taxonomy":"product_tag","embeddable":true,"href":"https:\/\/avantarea.com\/fr\/wp-json\/wp\/v2\/product_tag?post=87090"}],"curies":[{"name":"wp","href":"https:\/\/api.w.org\/{rel}","templated":true}]}}