{"id":87084,"date":"2022-12-13T09:08:39","date_gmt":"2022-12-13T08:08:39","guid":{"rendered":"https:\/\/nueva.avantarea.com\/?post_type=product&#038;p=87084"},"modified":"2026-02-25T08:23:29","modified_gmt":"2026-02-25T07:23:29","slug":"pack-rhone-doble-lavabo-espejo-led-copia","status":"publish","type":"product","link":"https:\/\/avantarea.com\/fr\/producto\/pack-rhone-doble-lavabo-espejo-led-copia\/","title":{"rendered":"Pack RH\u00d4NE + double vasque + miroir LED"},"content":{"rendered":"<p>Pack compos\u00e9 d&rsquo;un meuble suspendu, d&rsquo;un lavabo et d&rsquo;un miroir LED. Meuble de lavabo compos\u00e9 d&rsquo;un module suspendu avec porte et d&rsquo;un espace d\u00e9coratif lat\u00e9ral. Meuble couleur anthracite avec plan et \u00e9tag\u00e8res couleur bois. Meuble fabriqu\u00e9 en panneau de particules de 19 mm avec rev\u00eatement m\u00e9lamin\u00e9. Porte avec un v\u00e9rin amortisseur pour une fermeture douce. R\u00e9glage tridimensionnel pour une plus grande pr\u00e9cision. Double lavabo c\u00e9ramique blanc brillant. Robinet mural. Miroir LED inclus IP44, 6000\u00baK, 14,4W, 1320 lumens. Livr\u00e9 mont\u00e9, pr\u00eat \u00e0 \u00eatre accroch\u00e9 au mur. Comprend toute la quincaillerie n\u00e9cessaire. Fabriqu\u00e9 en Espagne. Robinet et siphon non inclus.<\/p>\n","protected":false},"excerpt":{"rendered":"<p>Pack compos\u00e9 d&rsquo;un meuble suspendu, d&rsquo;un lavabo et d&rsquo;un miroir LED. Meuble de lavabo compos\u00e9 d&rsquo;un module suspendu avec porte et d&rsquo;un espace d\u00e9coratif lat\u00e9ral. Meuble couleur anthracite avec plan&#8230;<\/p>\n","protected":false},"featured_media":19255,"comment_status":"closed","ping_status":"closed","template":"","meta":[],"product_brand":[944],"product_cat":[1170],"product_tag":[],"class_list":{"0":"post-87084","1":"product","2":"type-product","3":"status-publish","4":"has-post-thumbnail","6":"product_brand-rhone","7":"product_cat-muebles-de-bano","8":"pa_color-nogal","9":"pa_color-roble","10":"pa_medidas-378","12":"first","13":"instock","14":"purchasable","15":"product-type-variable"},"_links":{"self":[{"href":"https:\/\/avantarea.com\/fr\/wp-json\/wp\/v2\/product\/87084","targetHints":{"allow":["GET"]}}],"collection":[{"href":"https:\/\/avantarea.com\/fr\/wp-json\/wp\/v2\/product"}],"about":[{"href":"https:\/\/avantarea.com\/fr\/wp-json\/wp\/v2\/types\/product"}],"replies":[{"embeddable":true,"href":"https:\/\/avantarea.com\/fr\/wp-json\/wp\/v2\/comments?post=87084"}],"wp:featuredmedia":[{"embeddable":true,"href":"https:\/\/avantarea.com\/fr\/wp-json\/wp\/v2\/media\/19255"}],"wp:attachment":[{"href":"https:\/\/avantarea.com\/fr\/wp-json\/wp\/v2\/media?parent=87084"}],"wp:term":[{"taxonomy":"product_brand","embeddable":true,"href":"https:\/\/avantarea.com\/fr\/wp-json\/wp\/v2\/product_brand?post=87084"},{"taxonomy":"product_cat","embeddable":true,"href":"https:\/\/avantarea.com\/fr\/wp-json\/wp\/v2\/product_cat?post=87084"},{"taxonomy":"product_tag","embeddable":true,"href":"https:\/\/avantarea.com\/fr\/wp-json\/wp\/v2\/product_tag?post=87084"}],"curies":[{"name":"wp","href":"https:\/\/api.w.org\/{rel}","templated":true}]}}