{"id":87075,"date":"2022-12-13T09:08:39","date_gmt":"2022-12-13T08:08:39","guid":{"rendered":"https:\/\/nueva.avantarea.com\/?post_type=product&#038;p=87075"},"modified":"2026-02-25T08:23:29","modified_gmt":"2026-02-25T07:23:29","slug":"pack-saone-lavabo-espejo-capsula-copia","status":"publish","type":"product","link":"https:\/\/avantarea.com\/fr\/producto\/pack-saone-lavabo-espejo-capsula-copia\/","title":{"rendered":"Pack SA\u00d4NE + lavabo + miroir capsule"},"content":{"rendered":"<p>Ensemble comprenant un meuble suspendu, un lavabo et un miroir capsule. Meuble sous-lavabo compos\u00e9 d&rsquo;un module suspendu avec porte et d&rsquo;un espace d\u00e9coratif lat\u00e9ral. Meuble et \u00e9l\u00e9ment d\u00e9coratif avec des finitions contrast\u00e9es. Meuble fabriqu\u00e9 en panneau de particules de 19 mm avec rev\u00eatement m\u00e9lamin\u00e9. Porte avec un piston amortisseur pour une fermeture douce. R\u00e9glage tridimensionnel pour une plus grande pr\u00e9cision. Lavabo en c\u00e9ramique de couleur blanc brillant. Robinet mural. Miroir d\u00e9coratif capsule. Livr\u00e9 mont\u00e9, pr\u00eat \u00e0 \u00eatre accroch\u00e9 au mur. Comprend toute la quincaillerie n\u00e9cessaire. Fabriqu\u00e9 en Espagne. Robinet et siphon non inclus.<\/p>\n","protected":false},"excerpt":{"rendered":"<p>Ensemble comprenant un meuble suspendu, un lavabo et un miroir capsule. Meuble sous-lavabo compos\u00e9 d&rsquo;un module suspendu avec porte et d&rsquo;un espace d\u00e9coratif lat\u00e9ral. Meuble et \u00e9l\u00e9ment d\u00e9coratif avec des&#8230;<\/p>\n","protected":false},"featured_media":16867,"comment_status":"closed","ping_status":"open","template":"","meta":[],"product_brand":[966],"product_cat":[736,577],"product_tag":[],"class_list":{"0":"post-87075","1":"product","2":"type-product","3":"status-publish","4":"has-post-thumbnail","6":"product_brand-saone","7":"product_cat-meuble-de-salle-de-bain","8":"product_cat-muebles-de-bano","9":"pa_color-bardolino-sombra","10":"pa_color-blanco","11":"pa_color-nogal","12":"pa_color-roble","13":"pa_medidas-378","14":"pa_medidas-449","15":"pa_medidas-70-00","16":"pa_medidas-370","17":"pa_tamano-731","18":"pa_tamano-80000-fr","20":"first","21":"instock","22":"purchasable","23":"product-type-variable"},"_links":{"self":[{"href":"https:\/\/avantarea.com\/fr\/wp-json\/wp\/v2\/product\/87075","targetHints":{"allow":["GET"]}}],"collection":[{"href":"https:\/\/avantarea.com\/fr\/wp-json\/wp\/v2\/product"}],"about":[{"href":"https:\/\/avantarea.com\/fr\/wp-json\/wp\/v2\/types\/product"}],"replies":[{"embeddable":true,"href":"https:\/\/avantarea.com\/fr\/wp-json\/wp\/v2\/comments?post=87075"}],"wp:featuredmedia":[{"embeddable":true,"href":"https:\/\/avantarea.com\/fr\/wp-json\/wp\/v2\/media\/16867"}],"wp:attachment":[{"href":"https:\/\/avantarea.com\/fr\/wp-json\/wp\/v2\/media?parent=87075"}],"wp:term":[{"taxonomy":"product_brand","embeddable":true,"href":"https:\/\/avantarea.com\/fr\/wp-json\/wp\/v2\/product_brand?post=87075"},{"taxonomy":"product_cat","embeddable":true,"href":"https:\/\/avantarea.com\/fr\/wp-json\/wp\/v2\/product_cat?post=87075"},{"taxonomy":"product_tag","embeddable":true,"href":"https:\/\/avantarea.com\/fr\/wp-json\/wp\/v2\/product_tag?post=87075"}],"curies":[{"name":"wp","href":"https:\/\/api.w.org\/{rel}","templated":true}]}}