{"id":87070,"date":"2022-12-13T09:09:06","date_gmt":"2022-12-13T08:09:06","guid":{"rendered":"https:\/\/nueva.avantarea.com\/?post_type=product&#038;p=87070"},"modified":"2026-02-25T08:23:29","modified_gmt":"2026-02-25T07:23:29","slug":"pack-saone-doble-lavabo-doble-espejo-capsula-copia","status":"publish","type":"product","link":"https:\/\/avantarea.com\/fr\/producto\/pack-saone-doble-lavabo-doble-espejo-capsula-copia\/","title":{"rendered":"Pack SA\u00d4NE + double vasque + double miroir capsule"},"content":{"rendered":"<p>Pack compos\u00e9 d&rsquo;un meuble suspendu, d&rsquo;une vasque et d&rsquo;un miroir capsule. Meuble sous-vasque compos\u00e9 d&rsquo;un module suspendu avec porte et espace d\u00e9coratif lat\u00e9ral. Meuble et \u00e9l\u00e9ment d\u00e9coratif avec finitions contrast\u00e9es. Meuble fabriqu\u00e9 en panneau de particules de 19 mm avec rev\u00eatement m\u00e9lamin\u00e9. Porte avec un v\u00e9rin amortisseur pour une fermeture douce. R\u00e9glage tridimensionnel pour une plus grande pr\u00e9cision. Double vasque en c\u00e9ramique de couleur blanc brillant. Robinet mural. Double miroir d\u00e9coratif capsule. Livr\u00e9 mont\u00e9, pr\u00eat \u00e0 \u00eatre accroch\u00e9 au mur. Comprend toute la quincaillerie n\u00e9cessaire. Fabriqu\u00e9 en Espagne. Robinet et siphon non inclus.<\/p>\n","protected":false},"excerpt":{"rendered":"<p>Pack compos\u00e9 d&rsquo;un meuble suspendu, d&rsquo;une vasque et d&rsquo;un miroir capsule. Meuble sous-vasque compos\u00e9 d&rsquo;un module suspendu avec porte et espace d\u00e9coratif lat\u00e9ral. Meuble et \u00e9l\u00e9ment d\u00e9coratif avec finitions contrast\u00e9es&#8230;.<\/p>\n","protected":false},"featured_media":24743,"comment_status":"closed","ping_status":"closed","template":"","meta":[],"product_brand":[966],"product_cat":[577],"product_tag":[],"class_list":{"0":"post-87070","1":"product","2":"type-product","3":"status-publish","4":"has-post-thumbnail","6":"product_brand-saone","7":"product_cat-muebles-de-bano","8":"pa_color-bardolino-sombra","9":"pa_color-blanco","10":"pa_color-nogal","11":"pa_color-roble","12":"pa_medidas-383","14":"first","15":"instock","16":"purchasable","17":"product-type-variable"},"_links":{"self":[{"href":"https:\/\/avantarea.com\/fr\/wp-json\/wp\/v2\/product\/87070","targetHints":{"allow":["GET"]}}],"collection":[{"href":"https:\/\/avantarea.com\/fr\/wp-json\/wp\/v2\/product"}],"about":[{"href":"https:\/\/avantarea.com\/fr\/wp-json\/wp\/v2\/types\/product"}],"replies":[{"embeddable":true,"href":"https:\/\/avantarea.com\/fr\/wp-json\/wp\/v2\/comments?post=87070"}],"wp:featuredmedia":[{"embeddable":true,"href":"https:\/\/avantarea.com\/fr\/wp-json\/wp\/v2\/media\/24743"}],"wp:attachment":[{"href":"https:\/\/avantarea.com\/fr\/wp-json\/wp\/v2\/media?parent=87070"}],"wp:term":[{"taxonomy":"product_brand","embeddable":true,"href":"https:\/\/avantarea.com\/fr\/wp-json\/wp\/v2\/product_brand?post=87070"},{"taxonomy":"product_cat","embeddable":true,"href":"https:\/\/avantarea.com\/fr\/wp-json\/wp\/v2\/product_cat?post=87070"},{"taxonomy":"product_tag","embeddable":true,"href":"https:\/\/avantarea.com\/fr\/wp-json\/wp\/v2\/product_tag?post=87070"}],"curies":[{"name":"wp","href":"https:\/\/api.w.org\/{rel}","templated":true}]}}