{"id":87060,"date":"2022-12-13T09:09:36","date_gmt":"2022-12-13T08:09:36","guid":{"rendered":"https:\/\/nueva.avantarea.com\/?post_type=product&#038;p=87060"},"modified":"2026-02-25T08:23:41","modified_gmt":"2026-02-25T07:23:41","slug":"pack-durance-2-cajones-lavabo-espejo-led-copia","status":"publish","type":"product","link":"https:\/\/avantarea.com\/fr\/producto\/pack-durance-2-cajones-lavabo-espejo-led-copia\/","title":{"rendered":"Pack DURANCE 2 tiroirs + lavabo + miroir LED"},"content":{"rendered":"<p>Pack compos\u00e9 d&rsquo;un meuble suspendu, d&rsquo;une vasque et d&rsquo;un miroir LED. Meuble sous-vasque compos\u00e9 d&rsquo;un module suspendu avec deux tiroirs. Meuble fabriqu\u00e9 en panneau de particules de 19 mm avec rev\u00eatement m\u00e9lamin\u00e9. Tiroir m\u00e9tallique \u00e0 double paroi \u00e0 l&rsquo;esth\u00e9tique minimaliste, avec des c\u00f4t\u00e9s fins et des lignes droites, dot\u00e9 d&rsquo;une fermeture amortie et d&rsquo;une capacit\u00e9 de charge de 25 kg. Tiroir avec accessibilit\u00e9 totale et espace arri\u00e8re disponible. Ouverture par poign\u00e9e finition noir mat. Vasque en c\u00e9ramique de couleur beige assortie au meuble. Robinet mural. Miroir LED inclus IP44, 6000\u00baK, 14,4W, 1320 lumens. Livr\u00e9 mont\u00e9, pr\u00eat \u00e0 \u00eatre fix\u00e9 au mur. Comprend toute la quincaillerie n\u00e9cessaire. Fabriqu\u00e9 en Espagne. Robinet et siphon non inclus.<\/p>\n","protected":false},"excerpt":{"rendered":"<p>Pack compos\u00e9 d&rsquo;un meuble suspendu, d&rsquo;une vasque et d&rsquo;un miroir LED. Meuble sous-vasque compos\u00e9 d&rsquo;un module suspendu avec deux tiroirs. Meuble fabriqu\u00e9 en panneau de particules de 19 mm avec&#8230;<\/p>\n","protected":false},"featured_media":19247,"comment_status":"closed","ping_status":"closed","template":"","meta":[],"product_brand":[943],"product_cat":[1170],"product_tag":[],"class_list":{"0":"post-87060","1":"product","2":"type-product","3":"status-publish","4":"has-post-thumbnail","6":"product_brand-durance","7":"product_cat-muebles-de-bano","8":"pa_color-beige","9":"pa_color-noir","10":"pa_medidas-378","11":"pa_medidas-370","12":"pa_tamano-80000-fr","14":"first","15":"instock","16":"purchasable","17":"product-type-variable"},"_links":{"self":[{"href":"https:\/\/avantarea.com\/fr\/wp-json\/wp\/v2\/product\/87060","targetHints":{"allow":["GET"]}}],"collection":[{"href":"https:\/\/avantarea.com\/fr\/wp-json\/wp\/v2\/product"}],"about":[{"href":"https:\/\/avantarea.com\/fr\/wp-json\/wp\/v2\/types\/product"}],"replies":[{"embeddable":true,"href":"https:\/\/avantarea.com\/fr\/wp-json\/wp\/v2\/comments?post=87060"}],"wp:featuredmedia":[{"embeddable":true,"href":"https:\/\/avantarea.com\/fr\/wp-json\/wp\/v2\/media\/19247"}],"wp:attachment":[{"href":"https:\/\/avantarea.com\/fr\/wp-json\/wp\/v2\/media?parent=87060"}],"wp:term":[{"taxonomy":"product_brand","embeddable":true,"href":"https:\/\/avantarea.com\/fr\/wp-json\/wp\/v2\/product_brand?post=87060"},{"taxonomy":"product_cat","embeddable":true,"href":"https:\/\/avantarea.com\/fr\/wp-json\/wp\/v2\/product_cat?post=87060"},{"taxonomy":"product_tag","embeddable":true,"href":"https:\/\/avantarea.com\/fr\/wp-json\/wp\/v2\/product_tag?post=87060"}],"curies":[{"name":"wp","href":"https:\/\/api.w.org\/{rel}","templated":true}]}}