{"id":87051,"date":"2022-12-13T09:09:36","date_gmt":"2022-12-13T08:09:36","guid":{"rendered":"https:\/\/nueva.avantarea.com\/?post_type=product&#038;p=87051"},"modified":"2026-02-25T08:23:41","modified_gmt":"2026-02-25T07:23:41","slug":"pack-moselle-lavabo-espejo-circular-copia","status":"publish","type":"product","link":"https:\/\/avantarea.com\/fr\/producto\/pack-moselle-lavabo-espejo-circular-copia\/","title":{"rendered":"Pack MOSELLE + lavabo + miroir circulaire"},"content":{"rendered":"<p>Pack comprenant un meuble suspendu, un lavabo et un miroir. Meuble sous-vasque compos\u00e9 d&rsquo;un module suspendu avec un tiroir et un espace d\u00e9coratif inf\u00e9rieur. Plan de travail en pierre naturelle compacte, compos\u00e9 de 95% de marbre naturel broy\u00e9 et 5% de r\u00e9sine et colorant. Meuble fabriqu\u00e9 en panneau de particules de 19 mm avec rev\u00eatement m\u00e9lamin\u00e9. Tiroir m\u00e9tallique \u00e0 double paroi \u00e0 l&rsquo;esth\u00e9tique minimaliste, aux flancs fins et aux lignes droites, avec fermeture amortie et une capacit\u00e9 de charge de 25 kg. Tiroir \u00e0 pleine extension et espace arri\u00e8re disponible. Lavabo en c\u00e9ramique blanc. Robinet mural. Miroir circulaire inclus. Livr\u00e9 mont\u00e9, pr\u00eat \u00e0 \u00eatre accroch\u00e9 au mur. Comprend toute la quincaillerie n\u00e9cessaire. Fabriqu\u00e9 en Espagne. Robinet et siphon non inclus.<\/p>\n","protected":false},"excerpt":{"rendered":"<p>Pack comprenant un meuble suspendu, un lavabo et un miroir. Meuble sous-vasque compos\u00e9 d&rsquo;un module suspendu avec un tiroir et un espace d\u00e9coratif inf\u00e9rieur. Plan de travail en pierre naturelle&#8230;<\/p>\n","protected":false},"featured_media":24765,"comment_status":"closed","ping_status":"open","template":"","meta":[],"product_brand":[996],"product_cat":[736,577],"product_tag":[],"class_list":{"0":"post-87051","1":"product","2":"type-product","3":"status-publish","4":"has-post-thumbnail","6":"product_brand-moselle","7":"product_cat-meuble-de-salle-de-bain","8":"product_cat-muebles-de-bano","9":"pa_color-bardolino-sombra","10":"pa_color-blanco","11":"pa_color-laurent-nogal","12":"pa_color-negro","13":"pa_color-nogal","14":"pa_color-roble","15":"pa_medidas-378","16":"pa_medidas-370","17":"pa_tamano-731","18":"pa_tamano-80000-fr","20":"first","21":"instock","22":"purchasable","23":"product-type-variable"},"_links":{"self":[{"href":"https:\/\/avantarea.com\/fr\/wp-json\/wp\/v2\/product\/87051","targetHints":{"allow":["GET"]}}],"collection":[{"href":"https:\/\/avantarea.com\/fr\/wp-json\/wp\/v2\/product"}],"about":[{"href":"https:\/\/avantarea.com\/fr\/wp-json\/wp\/v2\/types\/product"}],"replies":[{"embeddable":true,"href":"https:\/\/avantarea.com\/fr\/wp-json\/wp\/v2\/comments?post=87051"}],"wp:featuredmedia":[{"embeddable":true,"href":"https:\/\/avantarea.com\/fr\/wp-json\/wp\/v2\/media\/24765"}],"wp:attachment":[{"href":"https:\/\/avantarea.com\/fr\/wp-json\/wp\/v2\/media?parent=87051"}],"wp:term":[{"taxonomy":"product_brand","embeddable":true,"href":"https:\/\/avantarea.com\/fr\/wp-json\/wp\/v2\/product_brand?post=87051"},{"taxonomy":"product_cat","embeddable":true,"href":"https:\/\/avantarea.com\/fr\/wp-json\/wp\/v2\/product_cat?post=87051"},{"taxonomy":"product_tag","embeddable":true,"href":"https:\/\/avantarea.com\/fr\/wp-json\/wp\/v2\/product_tag?post=87051"}],"curies":[{"name":"wp","href":"https:\/\/api.w.org\/{rel}","templated":true}]}}