{"id":87041,"date":"2022-12-13T09:11:03","date_gmt":"2022-12-13T08:11:03","guid":{"rendered":"https:\/\/nueva.avantarea.com\/?post_type=product&#038;p=87041"},"modified":"2026-02-25T08:23:41","modified_gmt":"2026-02-25T07:23:41","slug":"pack-aisne-lavabo-espejo-aplique-led-copia","status":"publish","type":"product","link":"https:\/\/avantarea.com\/fr\/producto\/pack-aisne-lavabo-espejo-aplique-led-copia\/","title":{"rendered":"Pack AISNE + lavabo + miroir + applique LED"},"content":{"rendered":"<p>Pack compos\u00e9 d&rsquo;un meuble suspendu, d&rsquo;une vasque et d&rsquo;un miroir LED. Meuble \u00e0 profondeur r\u00e9duite pour vasque, compos\u00e9 d&rsquo;un module suspendu avec porte. Meuble fabriqu\u00e9 en panneau de particules de 19 mm avec rev\u00eatement m\u00e9lamin\u00e9. Porte avec v\u00e9rin amortisseur pour une fermeture douce. R\u00e9glage tridimensionnel pour une plus grande pr\u00e9cision. Vasque en c\u00e9ramique noire. Miroir inclus. Livr\u00e9 mont\u00e9, pr\u00eat \u00e0 \u00eatre fix\u00e9 au mur. Comprend toute la quincaillerie n\u00e9cessaire. Fabriqu\u00e9 en Espagne. Robinet et siphon non inclus.<\/p>\n","protected":false},"excerpt":{"rendered":"<p>Pack compos\u00e9 d&rsquo;un meuble suspendu, d&rsquo;une vasque et d&rsquo;un miroir LED. Meuble \u00e0 profondeur r\u00e9duite pour vasque, compos\u00e9 d&rsquo;un module suspendu avec porte. Meuble fabriqu\u00e9 en panneau de particules de&#8230;<\/p>\n","protected":false},"featured_media":24803,"comment_status":"closed","ping_status":"open","template":"","meta":[],"product_brand":[997],"product_cat":[577],"product_tag":[622],"class_list":{"0":"post-87041","1":"product","2":"type-product","3":"status-publish","4":"has-post-thumbnail","6":"product_brand-aisne","7":"product_cat-muebles-de-bano","8":"product_tag-descuento","9":"pa_color-bardolino","10":"pa_color-blanco","11":"pa_color-negro","12":"pa_color-nogal","13":"pa_medidas-504","15":"first","16":"instock","17":"purchasable","18":"product-type-variable"},"_links":{"self":[{"href":"https:\/\/avantarea.com\/fr\/wp-json\/wp\/v2\/product\/87041","targetHints":{"allow":["GET"]}}],"collection":[{"href":"https:\/\/avantarea.com\/fr\/wp-json\/wp\/v2\/product"}],"about":[{"href":"https:\/\/avantarea.com\/fr\/wp-json\/wp\/v2\/types\/product"}],"replies":[{"embeddable":true,"href":"https:\/\/avantarea.com\/fr\/wp-json\/wp\/v2\/comments?post=87041"}],"wp:featuredmedia":[{"embeddable":true,"href":"https:\/\/avantarea.com\/fr\/wp-json\/wp\/v2\/media\/24803"}],"wp:attachment":[{"href":"https:\/\/avantarea.com\/fr\/wp-json\/wp\/v2\/media?parent=87041"}],"wp:term":[{"taxonomy":"product_brand","embeddable":true,"href":"https:\/\/avantarea.com\/fr\/wp-json\/wp\/v2\/product_brand?post=87041"},{"taxonomy":"product_cat","embeddable":true,"href":"https:\/\/avantarea.com\/fr\/wp-json\/wp\/v2\/product_cat?post=87041"},{"taxonomy":"product_tag","embeddable":true,"href":"https:\/\/avantarea.com\/fr\/wp-json\/wp\/v2\/product_tag?post=87041"}],"curies":[{"name":"wp","href":"https:\/\/api.w.org\/{rel}","templated":true}]}}