{"id":87036,"date":"2022-12-13T09:11:30","date_gmt":"2022-12-13T08:11:30","guid":{"rendered":"https:\/\/nueva.avantarea.com\/?post_type=product&#038;p=87036"},"modified":"2026-02-25T08:24:15","modified_gmt":"2026-02-25T07:24:15","slug":"modulo-deco-semois-copia","status":"publish","type":"product","link":"https:\/\/avantarea.com\/fr\/producto\/modulo-deco-semois-copia\/","title":{"rendered":"Module d\u00e9co SEMOIS"},"content":{"rendered":"<p>Module auxiliaire d\u00e9coratif parfait pour augmenter l&rsquo;espace de rangement et adapt\u00e9 \u00e0 tout espace. Meuble fabriqu\u00e9 en panneau de particules de 19 mm avec rev\u00eatement m\u00e9lamin\u00e9. Livr\u00e9 mont\u00e9, pr\u00eat \u00e0 \u00eatre accroch\u00e9 au mur. Comprend toute la quincaillerie n\u00e9cessaire. Fabriqu\u00e9 en Espagne.<\/p>\n","protected":false},"excerpt":{"rendered":"<p>Module auxiliaire d\u00e9coratif parfait pour augmenter l&rsquo;espace de rangement et adapt\u00e9 \u00e0 tout espace. Meuble fabriqu\u00e9 en panneau de particules de 19 mm avec rev\u00eatement m\u00e9lamin\u00e9. Livr\u00e9 mont\u00e9, pr\u00eat \u00e0&#8230;<\/p>\n","protected":false},"featured_media":24816,"comment_status":"closed","ping_status":"open","template":"","meta":[],"product_brand":[998],"product_cat":[576],"product_tag":[],"class_list":{"0":"post-87036","1":"product","2":"type-product","3":"status-publish","4":"has-post-thumbnail","6":"product_brand-semois","7":"product_cat-muebles-auxiliares","8":"pa_color-calcatta-blanc-mat","9":"pa_color-antracita","10":"pa_color-laurent-alcatraz","11":"pa_color-roble","12":"pa_color-vert","13":"pa_medidas-369","14":"pa_medidas-363","15":"pa_medidas-70-00","17":"first","18":"instock","19":"purchasable","20":"product-type-variable"},"_links":{"self":[{"href":"https:\/\/avantarea.com\/fr\/wp-json\/wp\/v2\/product\/87036","targetHints":{"allow":["GET"]}}],"collection":[{"href":"https:\/\/avantarea.com\/fr\/wp-json\/wp\/v2\/product"}],"about":[{"href":"https:\/\/avantarea.com\/fr\/wp-json\/wp\/v2\/types\/product"}],"replies":[{"embeddable":true,"href":"https:\/\/avantarea.com\/fr\/wp-json\/wp\/v2\/comments?post=87036"}],"wp:featuredmedia":[{"embeddable":true,"href":"https:\/\/avantarea.com\/fr\/wp-json\/wp\/v2\/media\/24816"}],"wp:attachment":[{"href":"https:\/\/avantarea.com\/fr\/wp-json\/wp\/v2\/media?parent=87036"}],"wp:term":[{"taxonomy":"product_brand","embeddable":true,"href":"https:\/\/avantarea.com\/fr\/wp-json\/wp\/v2\/product_brand?post=87036"},{"taxonomy":"product_cat","embeddable":true,"href":"https:\/\/avantarea.com\/fr\/wp-json\/wp\/v2\/product_cat?post=87036"},{"taxonomy":"product_tag","embeddable":true,"href":"https:\/\/avantarea.com\/fr\/wp-json\/wp\/v2\/product_tag?post=87036"}],"curies":[{"name":"wp","href":"https:\/\/api.w.org\/{rel}","templated":true}]}}