{"id":87019,"date":"2022-12-13T09:11:30","date_gmt":"2022-12-13T08:11:30","guid":{"rendered":"https:\/\/nueva.avantarea.com\/?post_type=product&#038;p=87019"},"modified":"2026-02-25T08:24:16","modified_gmt":"2026-02-25T07:24:16","slug":"modulo-puerta-semois-copia","status":"publish","type":"product","link":"https:\/\/avantarea.com\/fr\/producto\/modulo-puerta-semois-copia\/","title":{"rendered":"Module porte SEMOIS"},"content":{"rendered":"<p>Module auxiliaire d\u00e9coratif, parfait pour augmenter l&rsquo;espace de rangement et adapt\u00e9 \u00e0 tout espace. Meuble fabriqu\u00e9 en panneau de particules de 19 mm avec rev\u00eatement m\u00e9lamin\u00e9. Porte avec un v\u00e9rin amortisseur pour une fermeture douce. R\u00e9glage tridimensionnel pour une plus grande pr\u00e9cision. Livr\u00e9 mont\u00e9, pr\u00eat \u00e0 \u00eatre fix\u00e9 au mur. Toute la quincaillerie n\u00e9cessaire est incluse. Fabriqu\u00e9 en Espagne.<\/p>\n","protected":false},"excerpt":{"rendered":"<p>Module auxiliaire d\u00e9coratif, parfait pour augmenter l&rsquo;espace de rangement et adapt\u00e9 \u00e0 tout espace. Meuble fabriqu\u00e9 en panneau de particules de 19 mm avec rev\u00eatement m\u00e9lamin\u00e9. Porte avec un v\u00e9rin&#8230;<\/p>\n","protected":false},"featured_media":24827,"comment_status":"closed","ping_status":"open","template":"","meta":[],"product_brand":[998],"product_cat":[1175,576],"product_tag":[],"class_list":{"0":"post-87019","1":"product","2":"type-product","3":"status-publish","4":"has-post-thumbnail","6":"product_brand-semois","7":"product_cat-mobilier-dappoint","8":"product_cat-muebles-auxiliares","9":"pa_color-antracita","10":"pa_color-roble","11":"pa_medidas-369","12":"pa_medidas-363","14":"first","15":"instock","16":"purchasable","17":"product-type-variable"},"_links":{"self":[{"href":"https:\/\/avantarea.com\/fr\/wp-json\/wp\/v2\/product\/87019","targetHints":{"allow":["GET"]}}],"collection":[{"href":"https:\/\/avantarea.com\/fr\/wp-json\/wp\/v2\/product"}],"about":[{"href":"https:\/\/avantarea.com\/fr\/wp-json\/wp\/v2\/types\/product"}],"replies":[{"embeddable":true,"href":"https:\/\/avantarea.com\/fr\/wp-json\/wp\/v2\/comments?post=87019"}],"wp:featuredmedia":[{"embeddable":true,"href":"https:\/\/avantarea.com\/fr\/wp-json\/wp\/v2\/media\/24827"}],"wp:attachment":[{"href":"https:\/\/avantarea.com\/fr\/wp-json\/wp\/v2\/media?parent=87019"}],"wp:term":[{"taxonomy":"product_brand","embeddable":true,"href":"https:\/\/avantarea.com\/fr\/wp-json\/wp\/v2\/product_brand?post=87019"},{"taxonomy":"product_cat","embeddable":true,"href":"https:\/\/avantarea.com\/fr\/wp-json\/wp\/v2\/product_cat?post=87019"},{"taxonomy":"product_tag","embeddable":true,"href":"https:\/\/avantarea.com\/fr\/wp-json\/wp\/v2\/product_tag?post=87019"}],"curies":[{"name":"wp","href":"https:\/\/api.w.org\/{rel}","templated":true}]}}