{"id":87010,"date":"2022-12-21T12:23:38","date_gmt":"2022-12-21T11:23:38","guid":{"rendered":"https:\/\/nueva.avantarea.com\/?post_type=product&#038;p=87010"},"modified":"2026-02-25T08:24:16","modified_gmt":"2026-02-25T07:24:16","slug":"pack-sancy-style-mueble-suspendido-lavabo-espejo-lorena-copia","status":"publish","type":"product","link":"https:\/\/avantarea.com\/fr\/producto\/pack-sancy-style-mueble-suspendido-lavabo-espejo-lorena-copia\/","title":{"rendered":"Pack SANCY-STYLE + meuble suspendu + lavabo + miroir LORENA"},"content":{"rendered":"<p>Pack meuble de salle de bain, vasque, miroir LED. Meuble sous-vasque suspendu compos\u00e9 de deux modules enti\u00e8rement ind\u00e9pendants, qui peuvent \u00eatre positionn\u00e9s comme souhait\u00e9, s&rsquo;adaptant \u00e0 tout espace. Fabriqu\u00e9 en panneau stratifi\u00e9 de 19 mm, avec tiroirs de grande capacit\u00e9, extraction totale et fermeture douce. Comprend une vasque \u00e0 poser en c\u00e9ramique de couleur blanche et un miroir avec \u00e9clairage LED. Livr\u00e9 enti\u00e8rement mont\u00e9 et pr\u00eat \u00e0 \u00eatre fix\u00e9 au mur. Robinet et siphon non inclus. Fabriqu\u00e9 en Espagne.<\/p>\n","protected":false},"excerpt":{"rendered":"<p>Pack meuble de salle de bain, vasque, miroir LED. Meuble sous-vasque suspendu compos\u00e9 de deux modules enti\u00e8rement ind\u00e9pendants, qui peuvent \u00eatre positionn\u00e9s comme souhait\u00e9, s&rsquo;adaptant \u00e0 tout espace. Fabriqu\u00e9 en&#8230;<\/p>\n","protected":false},"featured_media":16827,"comment_status":"closed","ping_status":"open","template":"","meta":[],"product_brand":[942],"product_cat":[1170,577],"product_tag":[],"class_list":{"0":"post-87010","1":"product","2":"type-product","3":"status-publish","4":"has-post-thumbnail","6":"product_brand-sancy-style","7":"product_cat-muebles-de-bano","9":"pa_color-nogal","10":"pa_color-noir","11":"pa_color-roble","12":"pa_medidas-418","13":"pa_medidas-419","15":"first","16":"instock","17":"purchasable","18":"product-type-variable"},"_links":{"self":[{"href":"https:\/\/avantarea.com\/fr\/wp-json\/wp\/v2\/product\/87010","targetHints":{"allow":["GET"]}}],"collection":[{"href":"https:\/\/avantarea.com\/fr\/wp-json\/wp\/v2\/product"}],"about":[{"href":"https:\/\/avantarea.com\/fr\/wp-json\/wp\/v2\/types\/product"}],"replies":[{"embeddable":true,"href":"https:\/\/avantarea.com\/fr\/wp-json\/wp\/v2\/comments?post=87010"}],"wp:featuredmedia":[{"embeddable":true,"href":"https:\/\/avantarea.com\/fr\/wp-json\/wp\/v2\/media\/16827"}],"wp:attachment":[{"href":"https:\/\/avantarea.com\/fr\/wp-json\/wp\/v2\/media?parent=87010"}],"wp:term":[{"taxonomy":"product_brand","embeddable":true,"href":"https:\/\/avantarea.com\/fr\/wp-json\/wp\/v2\/product_brand?post=87010"},{"taxonomy":"product_cat","embeddable":true,"href":"https:\/\/avantarea.com\/fr\/wp-json\/wp\/v2\/product_cat?post=87010"},{"taxonomy":"product_tag","embeddable":true,"href":"https:\/\/avantarea.com\/fr\/wp-json\/wp\/v2\/product_tag?post=87010"}],"curies":[{"name":"wp","href":"https:\/\/api.w.org\/{rel}","templated":true}]}}