{"id":86926,"date":"2023-02-27T17:22:25","date_gmt":"2023-02-27T16:22:25","guid":{"rendered":"https:\/\/nueva.avantarea.com\/?post_type=product&#038;p=86926"},"modified":"2026-02-25T08:24:48","modified_gmt":"2026-02-25T07:24:48","slug":"pack-vosges-lavabo-dekton-espejo-led-copia","status":"publish","type":"product","link":"https:\/\/avantarea.com\/fr\/producto\/pack-vosges-lavabo-dekton-espejo-led-copia\/","title":{"rendered":"Pack VOSGES + lavabo Dekton + miroir LED"},"content":{"rendered":"<p>Pack compos\u00e9 d&rsquo;un meuble sous-vasque, d&rsquo;une vasque \u00e0 poser en mat\u00e9riau Dekton de Cosentino et d&rsquo;un miroir LED.<br \/>\nVasque en mat\u00e9riau Dekton. Dekton est une Pierre Technique Ultracompacte, un m\u00e9lange de plus de 20 min\u00e9raux extraits de la nature, exempte de micro-d\u00e9fauts et de porosit\u00e9 quasi nulle. Hautement r\u00e9sistante \u00e0 l&rsquo;abrasion, aux rayures, aux impacts, \u00e0 l&rsquo;eau et aux taches.<br \/>\nMeuble suspendu compos\u00e9 d&rsquo;un module avec tiroir et d&rsquo;un espace d\u00e9coratif, fabriqu\u00e9s en panneau de particules de 19 mm avec rev\u00eatement m\u00e9lamin\u00e9, \u00e9cologique et recyclable. Fa\u00e7ade de tiroir d\u00e9cor\u00e9e avec le mat\u00e9riau Dekton assorti \u00e0 la vasque.<br \/>\nTiroir m\u00e9tallique \u00e0 double paroi \u00e0 l&rsquo;esth\u00e9tique minimaliste, aux parois fines et aux lignes droites, avec fermeture amortie et une capacit\u00e9 de charge de 25 kg. Tiroir avec accessibilit\u00e9 totale et espace arri\u00e8re disponible.<br \/>\nMiroir LED inclus. Livr\u00e9 mont\u00e9, pr\u00eat \u00e0 \u00eatre accroch\u00e9 au mur. Comprend toute la quincaillerie n\u00e9cessaire. Fabriqu\u00e9 en Espagne. Robinet et siphon non inclus.<\/p>\n","protected":false},"excerpt":{"rendered":"<p>Pack compos\u00e9 d&rsquo;un meuble sous-vasque, d&rsquo;une vasque \u00e0 poser en mat\u00e9riau Dekton de Cosentino et d&rsquo;un miroir LED. Vasque en mat\u00e9riau Dekton. Dekton est une Pierre Technique Ultracompacte, un m\u00e9lange&#8230;<\/p>\n","protected":false},"featured_media":24989,"comment_status":"closed","ping_status":"open","template":"","meta":[],"product_brand":[1000],"product_cat":[577],"product_tag":[],"class_list":{"0":"post-86926","1":"product","2":"type-product","3":"status-publish","4":"has-post-thumbnail","6":"product_brand-vosges","7":"product_cat-muebles-de-bano","8":"pa_color-kira-blanco","9":"pa_color-kira-cubanita","10":"pa_color-kira-azabache","11":"pa_color-laurent-azabache","12":"pa_color-laurent-blanco","13":"pa_color-laurent-nogal","14":"pa_color-marina-cubanita","15":"pa_color-marina-bardolino","16":"pa_color-marina-blanco","17":"pa_medidas-369","18":"pa_medidas-378","19":"pa_medidas-383","21":"first","22":"instock","23":"purchasable","24":"product-type-variable"},"_links":{"self":[{"href":"https:\/\/avantarea.com\/fr\/wp-json\/wp\/v2\/product\/86926","targetHints":{"allow":["GET"]}}],"collection":[{"href":"https:\/\/avantarea.com\/fr\/wp-json\/wp\/v2\/product"}],"about":[{"href":"https:\/\/avantarea.com\/fr\/wp-json\/wp\/v2\/types\/product"}],"replies":[{"embeddable":true,"href":"https:\/\/avantarea.com\/fr\/wp-json\/wp\/v2\/comments?post=86926"}],"wp:featuredmedia":[{"embeddable":true,"href":"https:\/\/avantarea.com\/fr\/wp-json\/wp\/v2\/media\/24989"}],"wp:attachment":[{"href":"https:\/\/avantarea.com\/fr\/wp-json\/wp\/v2\/media?parent=86926"}],"wp:term":[{"taxonomy":"product_brand","embeddable":true,"href":"https:\/\/avantarea.com\/fr\/wp-json\/wp\/v2\/product_brand?post=86926"},{"taxonomy":"product_cat","embeddable":true,"href":"https:\/\/avantarea.com\/fr\/wp-json\/wp\/v2\/product_cat?post=86926"},{"taxonomy":"product_tag","embeddable":true,"href":"https:\/\/avantarea.com\/fr\/wp-json\/wp\/v2\/product_tag?post=86926"}],"curies":[{"name":"wp","href":"https:\/\/api.w.org\/{rel}","templated":true}]}}