{"id":86878,"date":"2023-02-27T17:30:04","date_gmt":"2023-02-27T16:30:04","guid":{"rendered":"https:\/\/nueva.avantarea.com\/?post_type=product&#038;p=86878"},"modified":"2026-02-25T08:24:48","modified_gmt":"2026-02-25T07:24:48","slug":"pack-canigou-lavabo-espejo-led-copia","status":"publish","type":"product","link":"https:\/\/avantarea.com\/fr\/producto\/pack-canigou-lavabo-espejo-led-copia\/","title":{"rendered":"Pack CANIGOU + lavabo + miroir LED"},"content":{"rendered":"<p>Pack compos\u00e9 d&rsquo;un meuble sous-vasque suspendu, d&rsquo;une vasque et d&rsquo;un miroir LED.<br \/>\nMeuble suspendu compos\u00e9 d&rsquo;un module avec portes au design d\u00e9coratif et d&rsquo;un espace central d\u00e9coratif. Fabriqu\u00e9 en panneau de particules de 19 mm avec rev\u00eatement m\u00e9lamin\u00e9, \u00e9cologique et recyclable.<br \/>\nCharni\u00e8res \u00e9quip\u00e9es d&rsquo;un piston amortisseur pour une fermeture douce de la porte, fabriqu\u00e9es en acier avec finition nickel\u00e9e pour une meilleure protection de la pi\u00e8ce. R\u00e9glage tridimensionnel et ouverture \u00e0 105\u00b0.<br \/>\nVasque en c\u00e9ramique blanche incluse. Miroir LED inclus. Livr\u00e9 mont\u00e9, pr\u00eat \u00e0 \u00eatre fix\u00e9 au mur. Comprend toute la quincaillerie n\u00e9cessaire. Fabriqu\u00e9 en Espagne. Robinet et siphon non inclus.<\/p>\n","protected":false},"excerpt":{"rendered":"<p>Pack compos\u00e9 d&rsquo;un meuble sous-vasque suspendu, d&rsquo;une vasque et d&rsquo;un miroir LED. Meuble suspendu compos\u00e9 d&rsquo;un module avec portes au design d\u00e9coratif et d&rsquo;un espace central d\u00e9coratif. Fabriqu\u00e9 en panneau&#8230;<\/p>\n","protected":false},"featured_media":100866,"comment_status":"closed","ping_status":"closed","template":"","meta":[],"product_brand":[938],"product_cat":[1170],"product_tag":[],"class_list":{"0":"post-86878","1":"product","2":"type-product","3":"status-publish","4":"has-post-thumbnail","6":"product_brand-canigou","7":"product_cat-muebles-de-bano","8":"pa_color-blanco","9":"pa_color-cubanita","10":"pa_color-noir","11":"pa_medidas-378","12":"pa_medidas-370","14":"first","15":"instock","16":"purchasable","17":"product-type-variable"},"_links":{"self":[{"href":"https:\/\/avantarea.com\/fr\/wp-json\/wp\/v2\/product\/86878","targetHints":{"allow":["GET"]}}],"collection":[{"href":"https:\/\/avantarea.com\/fr\/wp-json\/wp\/v2\/product"}],"about":[{"href":"https:\/\/avantarea.com\/fr\/wp-json\/wp\/v2\/types\/product"}],"replies":[{"embeddable":true,"href":"https:\/\/avantarea.com\/fr\/wp-json\/wp\/v2\/comments?post=86878"}],"wp:featuredmedia":[{"embeddable":true,"href":"https:\/\/avantarea.com\/fr\/wp-json\/wp\/v2\/media\/100866"}],"wp:attachment":[{"href":"https:\/\/avantarea.com\/fr\/wp-json\/wp\/v2\/media?parent=86878"}],"wp:term":[{"taxonomy":"product_brand","embeddable":true,"href":"https:\/\/avantarea.com\/fr\/wp-json\/wp\/v2\/product_brand?post=86878"},{"taxonomy":"product_cat","embeddable":true,"href":"https:\/\/avantarea.com\/fr\/wp-json\/wp\/v2\/product_cat?post=86878"},{"taxonomy":"product_tag","embeddable":true,"href":"https:\/\/avantarea.com\/fr\/wp-json\/wp\/v2\/product_tag?post=86878"}],"curies":[{"name":"wp","href":"https:\/\/api.w.org\/{rel}","templated":true}]}}