{"id":86877,"date":"2023-04-20T09:40:32","date_gmt":"2023-04-20T07:40:32","guid":{"rendered":"https:\/\/nueva.avantarea.com\/?post_type=product&#038;p=86877"},"modified":"2026-02-25T10:55:12","modified_gmt":"2026-02-25T09:55:12","slug":"pack-neouvielle-lavabo-dekton-copia","status":"publish","type":"product","link":"https:\/\/avantarea.com\/fr\/producto\/pack-neouvielle-lavabo-dekton-copia\/","title":{"rendered":"Pack NEOUVIELLE + lavabo Dekton"},"content":{"rendered":"<p>Pack comprenant un lavabo suspendu en Dekton de Cosentino, un meuble et un miroir LED.<br \/>\nLavabo suspendu en Dekton. Dekton est une Pierre Technique Ultracompacte, un m\u00e9lange de plus de 20 min\u00e9raux extraits de la nature, exempte de micro-d\u00e9fauts et de porosit\u00e9 quasi nulle. Hautement r\u00e9sistant \u00e0 l&rsquo;abrasion, aux rayures, aux impacts, \u00e0 l&rsquo;eau et aux taches.<br \/>\nMeuble suspendu compos\u00e9 d&rsquo;un module tiroir, fabriqu\u00e9 en panneau de particules de 19 mm avec rev\u00eatement m\u00e9lamin\u00e9, \u00e9cologique et recyclable. Design d\u00e9coratif imitation tasseaux.<br \/>\nTiroir m\u00e9tallique \u00e0 double paroi \u00e0 l&rsquo;esth\u00e9tique minimaliste, aux parois fines et aux lignes droites, avec fermeture amortie et une capacit\u00e9 de charge de 25 kg. Tiroir avec accessibilit\u00e9 totale et espace arri\u00e8re disponible.<br \/>\nMiroir LED inclus. Livr\u00e9 mont\u00e9, pr\u00eat \u00e0 \u00eatre accroch\u00e9 au mur. Comprend toute la quincaillerie n\u00e9cessaire. Fabriqu\u00e9 en Espagne. Robinet et siphon non inclus.<\/p>\n","protected":false},"excerpt":{"rendered":"<p>Pack comprenant un lavabo suspendu en Dekton de Cosentino, un meuble et un miroir LED. Lavabo suspendu en Dekton. Dekton est une Pierre Technique Ultracompacte, un m\u00e9lange de plus de&#8230;<\/p>\n","protected":false},"featured_media":101279,"comment_status":"closed","ping_status":"open","template":"","meta":[],"product_brand":[],"product_cat":[577],"product_tag":[],"class_list":{"0":"post-86877","1":"product","2":"type-product","3":"status-publish","4":"has-post-thumbnail","6":"product_cat-muebles-de-bano","8":"first","9":"instock","10":"product-type-simple"},"_links":{"self":[{"href":"https:\/\/avantarea.com\/fr\/wp-json\/wp\/v2\/product\/86877","targetHints":{"allow":["GET"]}}],"collection":[{"href":"https:\/\/avantarea.com\/fr\/wp-json\/wp\/v2\/product"}],"about":[{"href":"https:\/\/avantarea.com\/fr\/wp-json\/wp\/v2\/types\/product"}],"replies":[{"embeddable":true,"href":"https:\/\/avantarea.com\/fr\/wp-json\/wp\/v2\/comments?post=86877"}],"wp:featuredmedia":[{"embeddable":true,"href":"https:\/\/avantarea.com\/fr\/wp-json\/wp\/v2\/media\/101279"}],"wp:attachment":[{"href":"https:\/\/avantarea.com\/fr\/wp-json\/wp\/v2\/media?parent=86877"}],"wp:term":[{"taxonomy":"product_brand","embeddable":true,"href":"https:\/\/avantarea.com\/fr\/wp-json\/wp\/v2\/product_brand?post=86877"},{"taxonomy":"product_cat","embeddable":true,"href":"https:\/\/avantarea.com\/fr\/wp-json\/wp\/v2\/product_cat?post=86877"},{"taxonomy":"product_tag","embeddable":true,"href":"https:\/\/avantarea.com\/fr\/wp-json\/wp\/v2\/product_tag?post=86877"}],"curies":[{"name":"wp","href":"https:\/\/api.w.org\/{rel}","templated":true}]}}