{"id":86867,"date":"2023-04-20T09:54:29","date_gmt":"2023-04-20T07:54:29","guid":{"rendered":"https:\/\/nueva.avantarea.com\/?post_type=product&#038;p=86867"},"modified":"2026-02-25T08:24:48","modified_gmt":"2026-02-25T07:24:48","slug":"pack-neouvielle-lavabo-dekton-espejo-led-copia","status":"publish","type":"product","link":"https:\/\/avantarea.com\/fr\/producto\/pack-neouvielle-lavabo-dekton-espejo-led-copia\/","title":{"rendered":"Pack NEOUVIELLE + lavabo Dekton + miroir LED"},"content":{"rendered":"<p>Ensemble compos\u00e9 d&rsquo;une vasque suspendue en mat\u00e9riau Dekton de Cosentino, d&rsquo;un meuble et d&rsquo;un miroir LED.<br \/>\nVasque suspendue en mat\u00e9riau Dekton. Dekton est une Pierre Technique Ultracompacte, un m\u00e9lange de plus de 20 min\u00e9raux extraits de la nature, exempte de micro-d\u00e9fauts et de porosit\u00e9 quasi nulle. Hautement r\u00e9sistante \u00e0 l&rsquo;abrasion, aux rayures, aux chocs, \u00e0 l&rsquo;eau et aux taches.<br \/>\nMeuble suspendu compos\u00e9 d&rsquo;un module tiroir, fabriqu\u00e9 en panneau de particules de 19 mm avec rev\u00eatement m\u00e9lamin\u00e9, \u00e9cologique et recyclable. Design d\u00e9coratif imitation tasseaux.<br \/>\nTiroir m\u00e9tallique \u00e0 double paroi \u00e0 l&rsquo;esth\u00e9tique minimaliste, aux parois fines et aux lignes droites, avec fermeture amortie et une capacit\u00e9 de charge de 25 kg. Tiroir \u00e0 pleine extension et espace arri\u00e8re disponible.<br \/>\nMiroir LED inclus. Livr\u00e9 mont\u00e9, pr\u00eat \u00e0 \u00eatre accroch\u00e9 au mur. Comprend toute la quincaillerie n\u00e9cessaire. Fabriqu\u00e9 en Espagne. Robinet et siphon non inclus.<\/p>\n","protected":false},"excerpt":{"rendered":"<p>Ensemble compos\u00e9 d&rsquo;une vasque suspendue en mat\u00e9riau Dekton de Cosentino, d&rsquo;un meuble et d&rsquo;un miroir LED. Vasque suspendue en mat\u00e9riau Dekton. Dekton est une Pierre Technique Ultracompacte, un m\u00e9lange de&#8230;<\/p>\n","protected":false},"featured_media":16658,"comment_status":"closed","ping_status":"open","template":"","meta":[],"product_brand":[937],"product_cat":[577],"product_tag":[],"class_list":{"0":"post-86867","1":"product","2":"type-product","3":"status-publish","4":"has-post-thumbnail","6":"product_brand-neouvielle","7":"product_cat-muebles-de-bano","8":"product_shipping_class-t30","9":"pa_color-kira-alcatraz","10":"pa_color-laurent-alcatraz","11":"pa_color-marina-alcatraz","12":"pa_medidas-418","13":"pa_medidas-419","14":"pa_medidas-420","16":"first","17":"instock","18":"purchasable","19":"product-type-variable"},"_links":{"self":[{"href":"https:\/\/avantarea.com\/fr\/wp-json\/wp\/v2\/product\/86867","targetHints":{"allow":["GET"]}}],"collection":[{"href":"https:\/\/avantarea.com\/fr\/wp-json\/wp\/v2\/product"}],"about":[{"href":"https:\/\/avantarea.com\/fr\/wp-json\/wp\/v2\/types\/product"}],"replies":[{"embeddable":true,"href":"https:\/\/avantarea.com\/fr\/wp-json\/wp\/v2\/comments?post=86867"}],"wp:featuredmedia":[{"embeddable":true,"href":"https:\/\/avantarea.com\/fr\/wp-json\/wp\/v2\/media\/16658"}],"wp:attachment":[{"href":"https:\/\/avantarea.com\/fr\/wp-json\/wp\/v2\/media?parent=86867"}],"wp:term":[{"taxonomy":"product_brand","embeddable":true,"href":"https:\/\/avantarea.com\/fr\/wp-json\/wp\/v2\/product_brand?post=86867"},{"taxonomy":"product_cat","embeddable":true,"href":"https:\/\/avantarea.com\/fr\/wp-json\/wp\/v2\/product_cat?post=86867"},{"taxonomy":"product_tag","embeddable":true,"href":"https:\/\/avantarea.com\/fr\/wp-json\/wp\/v2\/product_tag?post=86867"}],"curies":[{"name":"wp","href":"https:\/\/api.w.org\/{rel}","templated":true}]}}