{"id":86862,"date":"2023-04-20T09:54:29","date_gmt":"2023-04-20T07:54:29","guid":{"rendered":"https:\/\/nueva.avantarea.com\/?post_type=product&#038;p=86862"},"modified":"2026-02-25T10:54:58","modified_gmt":"2026-02-25T09:54:58","slug":"pack-suyen-lavabo-copia","status":"publish","type":"product","link":"https:\/\/avantarea.com\/fr\/producto\/pack-suyen-lavabo-copia\/","title":{"rendered":"Pack SUYEN + lavabo"},"content":{"rendered":"<p>Ensemble compos\u00e9 d&rsquo;un meuble sous-vasque suspendu et d&rsquo;une vasque \u00e0 profondeur r\u00e9duite.<br \/>\nLe meuble suspendu est compos\u00e9 d&rsquo;un module avec porte et d&rsquo;un espace inf\u00e9rieur d\u00e9coratif. Fabriqu\u00e9 en panneau de particules de 19 mm avec rev\u00eatement m\u00e9lamin\u00e9, \u00e9cologique et recyclable.<br \/>\nCharni\u00e8res \u00e9quip\u00e9es d&rsquo;un v\u00e9rin amortisseur pour une fermeture douce de la porte, fabriqu\u00e9es en acier avec finition nickel\u00e9e pour une meilleure protection de la pi\u00e8ce. R\u00e9glage tridimensionnel et ouverture \u00e0 105\u00b0.<br \/>\nVasque en c\u00e9ramique blanche incluse. Livr\u00e9 mont\u00e9, pr\u00eat \u00e0 \u00eatre fix\u00e9 au mur. Comprend toute la quincaillerie n\u00e9cessaire. Fabriqu\u00e9 en Espagne. Robinet, miroir et siphon non inclus.<\/p>\n","protected":false},"excerpt":{"rendered":"<p>Ensemble compos\u00e9 d&rsquo;un meuble sous-vasque suspendu et d&rsquo;une vasque \u00e0 profondeur r\u00e9duite. Le meuble suspendu est compos\u00e9 d&rsquo;un module avec porte et d&rsquo;un espace inf\u00e9rieur d\u00e9coratif. Fabriqu\u00e9 en panneau de&#8230;<\/p>\n","protected":false},"featured_media":25131,"comment_status":"closed","ping_status":"closed","template":"","meta":[],"product_brand":[1001],"product_cat":[1170],"product_tag":[],"class_list":{"0":"post-86862","1":"product","2":"type-product","3":"status-publish","4":"has-post-thumbnail","6":"product_brand-suyen","7":"product_cat-muebles-de-bano","8":"product_shipping_class-t30","9":"pa_color-azabache","10":"pa_color-blanco","11":"pa_color-nogal","12":"pa_color-roble","13":"pa_medidas-635","15":"first","16":"instock","17":"purchasable","18":"product-type-variable"},"_links":{"self":[{"href":"https:\/\/avantarea.com\/fr\/wp-json\/wp\/v2\/product\/86862","targetHints":{"allow":["GET"]}}],"collection":[{"href":"https:\/\/avantarea.com\/fr\/wp-json\/wp\/v2\/product"}],"about":[{"href":"https:\/\/avantarea.com\/fr\/wp-json\/wp\/v2\/types\/product"}],"replies":[{"embeddable":true,"href":"https:\/\/avantarea.com\/fr\/wp-json\/wp\/v2\/comments?post=86862"}],"wp:featuredmedia":[{"embeddable":true,"href":"https:\/\/avantarea.com\/fr\/wp-json\/wp\/v2\/media\/25131"}],"wp:attachment":[{"href":"https:\/\/avantarea.com\/fr\/wp-json\/wp\/v2\/media?parent=86862"}],"wp:term":[{"taxonomy":"product_brand","embeddable":true,"href":"https:\/\/avantarea.com\/fr\/wp-json\/wp\/v2\/product_brand?post=86862"},{"taxonomy":"product_cat","embeddable":true,"href":"https:\/\/avantarea.com\/fr\/wp-json\/wp\/v2\/product_cat?post=86862"},{"taxonomy":"product_tag","embeddable":true,"href":"https:\/\/avantarea.com\/fr\/wp-json\/wp\/v2\/product_tag?post=86862"}],"curies":[{"name":"wp","href":"https:\/\/api.w.org\/{rel}","templated":true}]}}