{"id":86846,"date":"2023-04-20T09:54:29","date_gmt":"2023-04-20T07:54:29","guid":{"rendered":"https:\/\/nueva.avantarea.com\/?post_type=product&#038;p=86846"},"modified":"2026-02-25T08:25:04","modified_gmt":"2026-02-25T07:25:04","slug":"pack-pourtet-lavabo-espejo-circular-copia","status":"publish","type":"product","link":"https:\/\/avantarea.com\/fr\/producto\/pack-pourtet-lavabo-espejo-circular-copia\/","title":{"rendered":"Pack POURTET + lavabo + miroir circulaire"},"content":{"rendered":"<p>Pack compos\u00e9 d&rsquo;un meuble sous-vasque suspendu, d&rsquo;une vasque et d&rsquo;un miroir circulaire.<br \/>\nMeuble suspendu compos\u00e9 d&rsquo;un module tiroir avec fa\u00e7ade encastr\u00e9e et design d\u00e9coratif imitation tasseaux, fabriqu\u00e9 en panneau de particules de 19 mm avec rev\u00eatement m\u00e9lamin\u00e9, \u00e9cologique et recyclable. Tiroir m\u00e9tallique \u00e0 double paroi \u00e0 l&rsquo;esth\u00e9tique minimaliste, aux parois fines et aux lignes droites, avec fermeture amortie et une capacit\u00e9 de charge de 25 kg. Tiroir \u00e0 pleine extension et espace arri\u00e8re disponible.<br \/>\nVasque en c\u00e9ramique blanche incluse. Miroir circulaire inclus. Livr\u00e9 mont\u00e9, pr\u00eat \u00e0 \u00eatre fix\u00e9 au mur. Comprend toute la quincaillerie n\u00e9cessaire. Fabriqu\u00e9 en Espagne. Robinet et siphon non inclus.<\/p>\n","protected":false},"excerpt":{"rendered":"<p>Pack compos\u00e9 d&rsquo;un meuble sous-vasque suspendu, d&rsquo;une vasque et d&rsquo;un miroir circulaire. Meuble suspendu compos\u00e9 d&rsquo;un module tiroir avec fa\u00e7ade encastr\u00e9e et design d\u00e9coratif imitation tasseaux, fabriqu\u00e9 en panneau de&#8230;<\/p>\n","protected":false},"featured_media":25143,"comment_status":"closed","ping_status":"open","template":"","meta":[],"product_brand":[1002],"product_cat":[1170,577],"product_tag":[],"class_list":{"0":"post-86846","1":"product","2":"type-product","3":"status-publish","4":"has-post-thumbnail","6":"product_brand-pourtet","7":"product_cat-muebles-de-bano","9":"product_shipping_class-t30","10":"pa_color-alcatraz","11":"pa_color-azabache","12":"pa_color-blanco","13":"pa_color-nogal","14":"pa_color-roble","15":"pa_medidas-637","16":"pa_medidas-419","17":"pa_medidas-638","19":"first","20":"instock","21":"purchasable","22":"product-type-variable"},"_links":{"self":[{"href":"https:\/\/avantarea.com\/fr\/wp-json\/wp\/v2\/product\/86846","targetHints":{"allow":["GET"]}}],"collection":[{"href":"https:\/\/avantarea.com\/fr\/wp-json\/wp\/v2\/product"}],"about":[{"href":"https:\/\/avantarea.com\/fr\/wp-json\/wp\/v2\/types\/product"}],"replies":[{"embeddable":true,"href":"https:\/\/avantarea.com\/fr\/wp-json\/wp\/v2\/comments?post=86846"}],"wp:featuredmedia":[{"embeddable":true,"href":"https:\/\/avantarea.com\/fr\/wp-json\/wp\/v2\/media\/25143"}],"wp:attachment":[{"href":"https:\/\/avantarea.com\/fr\/wp-json\/wp\/v2\/media?parent=86846"}],"wp:term":[{"taxonomy":"product_brand","embeddable":true,"href":"https:\/\/avantarea.com\/fr\/wp-json\/wp\/v2\/product_brand?post=86846"},{"taxonomy":"product_cat","embeddable":true,"href":"https:\/\/avantarea.com\/fr\/wp-json\/wp\/v2\/product_cat?post=86846"},{"taxonomy":"product_tag","embeddable":true,"href":"https:\/\/avantarea.com\/fr\/wp-json\/wp\/v2\/product_tag?post=86846"}],"curies":[{"name":"wp","href":"https:\/\/api.w.org\/{rel}","templated":true}]}}