{"id":86841,"date":"2023-04-20T09:56:04","date_gmt":"2023-04-20T07:56:04","guid":{"rendered":"https:\/\/nueva.avantarea.com\/?post_type=product&#038;p=86841"},"modified":"2026-02-25T08:25:04","modified_gmt":"2026-02-25T07:25:04","slug":"pack-marsan-lavabo-espejo-circular-copia","status":"publish","type":"product","link":"https:\/\/avantarea.com\/fr\/producto\/pack-marsan-lavabo-espejo-circular-copia\/","title":{"rendered":"Pack MARSAN + lavabo + miroir circulaire"},"content":{"rendered":"<p>Pack compos\u00e9 d&rsquo;un meuble sous-vasque suspendu, d&rsquo;une vasque et d&rsquo;un miroir circulaire.<br \/>\nMeuble suspendu compos\u00e9 d&rsquo;un module tiroir et d&rsquo;une porte. Meuble fabriqu\u00e9 en panneau de particules de 19 mm avec rev\u00eatement m\u00e9lamin\u00e9, \u00e9cologique et recyclable, porte au design d\u00e9coratif imitation tasseaux. Tiroir m\u00e9tallique \u00e0 double paroi \u00e0 l&rsquo;esth\u00e9tique minimaliste, aux parois fines et aux lignes droites, avec fermeture amortie et une capacit\u00e9 de charge de 25 kg. Tiroir avec accessibilit\u00e9 totale et espace arri\u00e8re disponible. Charni\u00e8res \u00e9quip\u00e9es d&rsquo;un piston amortisseur pour la fermeture douce de la porte, fabriqu\u00e9es en acier avec finition nickel\u00e9e pour une meilleure protection de la pi\u00e8ce. R\u00e9glage tridimensionnel et ouverture \u00e0 105\u00b0.<br \/>\nVasque en c\u00e9ramique blanche incluse. Miroir circulaire inclus. Livr\u00e9 mont\u00e9, pr\u00eat \u00e0 \u00eatre accroch\u00e9 au mur. Comprend tout le mat\u00e9riel de fixation n\u00e9cessaire. Fabriqu\u00e9 en Espagne. Robinet et siphon non inclus.<\/p>\n","protected":false},"excerpt":{"rendered":"<p>Pack compos\u00e9 d&rsquo;un meuble sous-vasque suspendu, d&rsquo;une vasque et d&rsquo;un miroir circulaire. Meuble suspendu compos\u00e9 d&rsquo;un module tiroir et d&rsquo;une porte. Meuble fabriqu\u00e9 en panneau de particules de 19 mm&#8230;<\/p>\n","protected":false},"featured_media":119687,"comment_status":"closed","ping_status":"closed","template":"","meta":[],"product_brand":[1003],"product_cat":[1170],"product_tag":[622],"class_list":{"0":"post-86841","1":"product","2":"type-product","3":"status-publish","4":"has-post-thumbnail","6":"product_brand-marsan","7":"product_cat-muebles-de-bano","8":"product_tag-descuento","9":"product_shipping_class-t30","10":"pa_color-blanco-alcatraz","11":"pa_medidas-417","12":"pa_medidas-418","13":"pa_medidas-419","14":"pa_medidas-420","16":"first","17":"instock","18":"purchasable","19":"product-type-variable"},"_links":{"self":[{"href":"https:\/\/avantarea.com\/fr\/wp-json\/wp\/v2\/product\/86841","targetHints":{"allow":["GET"]}}],"collection":[{"href":"https:\/\/avantarea.com\/fr\/wp-json\/wp\/v2\/product"}],"about":[{"href":"https:\/\/avantarea.com\/fr\/wp-json\/wp\/v2\/types\/product"}],"replies":[{"embeddable":true,"href":"https:\/\/avantarea.com\/fr\/wp-json\/wp\/v2\/comments?post=86841"}],"wp:featuredmedia":[{"embeddable":true,"href":"https:\/\/avantarea.com\/fr\/wp-json\/wp\/v2\/media\/119687"}],"wp:attachment":[{"href":"https:\/\/avantarea.com\/fr\/wp-json\/wp\/v2\/media?parent=86841"}],"wp:term":[{"taxonomy":"product_brand","embeddable":true,"href":"https:\/\/avantarea.com\/fr\/wp-json\/wp\/v2\/product_brand?post=86841"},{"taxonomy":"product_cat","embeddable":true,"href":"https:\/\/avantarea.com\/fr\/wp-json\/wp\/v2\/product_cat?post=86841"},{"taxonomy":"product_tag","embeddable":true,"href":"https:\/\/avantarea.com\/fr\/wp-json\/wp\/v2\/product_tag?post=86841"}],"curies":[{"name":"wp","href":"https:\/\/api.w.org\/{rel}","templated":true}]}}