{"id":86828,"date":"2023-04-20T09:56:04","date_gmt":"2023-04-20T07:56:04","guid":{"rendered":"https:\/\/nueva.avantarea.com\/?post_type=product&#038;p=86828"},"modified":"2026-02-25T08:25:05","modified_gmt":"2026-02-25T07:25:05","slug":"pack-bastit-lavabo-espejo-circular-copia","status":"publish","type":"product","link":"https:\/\/avantarea.com\/fr\/producto\/pack-bastit-lavabo-espejo-circular-copia\/","title":{"rendered":"Pack BASTIT + lavabo + miroir circulaire"},"content":{"rendered":"<p>Ensemble comprenant un meuble sous-vasque suspendu, une vasque et un miroir circulaire.<br \/>\nLe meuble suspendu se compose d&rsquo;un module tiroir et d&rsquo;un espace d\u00e9coratif lat\u00e9ral. Meuble fabriqu\u00e9 en panneau de particules de 19 mm avec rev\u00eatement m\u00e9lamin\u00e9, \u00e9cologique et recyclable. Tiroir m\u00e9tallique \u00e0 double paroi, \u00e0 l&rsquo;esth\u00e9tique minimaliste, avec des parois fines et des lignes droites, dot\u00e9 d&rsquo;une fermeture amortie et d&rsquo;une capacit\u00e9 de charge de 25 kg. Tiroir avec accessibilit\u00e9 totale et espace arri\u00e8re disponible.<br \/>\nVasque en c\u00e9ramique blanche incluse. Miroir circulaire inclus. Livr\u00e9 mont\u00e9, pr\u00eat \u00e0 \u00eatre fix\u00e9 au mur. Comprend toute la quincaillerie n\u00e9cessaire. Fabriqu\u00e9 en Espagne. Robinet et siphon non inclus.<\/p>\n","protected":false},"excerpt":{"rendered":"<p>Ensemble comprenant un meuble sous-vasque suspendu, une vasque et un miroir circulaire. Le meuble suspendu se compose d&rsquo;un module tiroir et d&rsquo;un espace d\u00e9coratif lat\u00e9ral. Meuble fabriqu\u00e9 en panneau de&#8230;<\/p>\n","protected":false},"featured_media":25202,"comment_status":"closed","ping_status":"open","template":"","meta":[],"product_brand":[1004],"product_cat":[577],"product_tag":[],"class_list":{"0":"post-86828","1":"product","2":"type-product","3":"status-publish","4":"has-post-thumbnail","6":"product_brand-bastit","7":"product_cat-muebles-de-bano","8":"product_shipping_class-t30","9":"pa_color-blanco","10":"pa_color-blanco-azabache","11":"pa_color-blanco-bardolino","12":"pa_color-blanco-nogal","13":"pa_medidas-417","14":"pa_medidas-418","15":"pa_medidas-420","17":"first","18":"instock","19":"purchasable","20":"product-type-variable"},"_links":{"self":[{"href":"https:\/\/avantarea.com\/fr\/wp-json\/wp\/v2\/product\/86828","targetHints":{"allow":["GET"]}}],"collection":[{"href":"https:\/\/avantarea.com\/fr\/wp-json\/wp\/v2\/product"}],"about":[{"href":"https:\/\/avantarea.com\/fr\/wp-json\/wp\/v2\/types\/product"}],"replies":[{"embeddable":true,"href":"https:\/\/avantarea.com\/fr\/wp-json\/wp\/v2\/comments?post=86828"}],"wp:featuredmedia":[{"embeddable":true,"href":"https:\/\/avantarea.com\/fr\/wp-json\/wp\/v2\/media\/25202"}],"wp:attachment":[{"href":"https:\/\/avantarea.com\/fr\/wp-json\/wp\/v2\/media?parent=86828"}],"wp:term":[{"taxonomy":"product_brand","embeddable":true,"href":"https:\/\/avantarea.com\/fr\/wp-json\/wp\/v2\/product_brand?post=86828"},{"taxonomy":"product_cat","embeddable":true,"href":"https:\/\/avantarea.com\/fr\/wp-json\/wp\/v2\/product_cat?post=86828"},{"taxonomy":"product_tag","embeddable":true,"href":"https:\/\/avantarea.com\/fr\/wp-json\/wp\/v2\/product_tag?post=86828"}],"curies":[{"name":"wp","href":"https:\/\/api.w.org\/{rel}","templated":true}]}}