{"id":86822,"date":"2023-04-20T09:57:28","date_gmt":"2023-04-20T07:57:28","guid":{"rendered":"https:\/\/nueva.avantarea.com\/?post_type=product&#038;p=86822"},"modified":"2026-02-23T08:07:40","modified_gmt":"2026-02-23T07:07:40","slug":"toallero-lateral-estante-blanco-35cm-copia","status":"publish","type":"product","link":"https:\/\/avantarea.com\/fr\/producto\/toallero-lateral-estante-blanco-35cm-copia\/","title":{"rendered":"Porte-serviettes lat\u00e9ral \u00e9tag\u00e8re blanc 35 cm"},"content":{"rendered":"<p>Accessoire porte-serviettes parfait pour compl\u00e9ter le meuble sous-vasque. Structure m\u00e9tallique finition noir mat. Comprend une \u00e9tag\u00e8re en panneau stratifi\u00e9.<\/p>\n","protected":false},"excerpt":{"rendered":"<p>Accessoire porte-serviettes parfait pour compl\u00e9ter le meuble sous-vasque. Structure m\u00e9tallique finition noir mat. Comprend une \u00e9tag\u00e8re en panneau stratifi\u00e9.<\/p>\n","protected":false},"featured_media":25252,"comment_status":"closed","ping_status":"open","template":"","meta":[],"product_brand":[895],"product_cat":[575],"product_tag":[],"class_list":{"0":"post-86822","1":"product","2":"type-product","3":"status-publish","4":"has-post-thumbnail","6":"product_brand-accesorios","7":"product_cat-accesorios","8":"product_shipping_class-t30","10":"first","11":"instock","12":"purchasable","13":"product-type-simple"},"_links":{"self":[{"href":"https:\/\/avantarea.com\/fr\/wp-json\/wp\/v2\/product\/86822","targetHints":{"allow":["GET"]}}],"collection":[{"href":"https:\/\/avantarea.com\/fr\/wp-json\/wp\/v2\/product"}],"about":[{"href":"https:\/\/avantarea.com\/fr\/wp-json\/wp\/v2\/types\/product"}],"replies":[{"embeddable":true,"href":"https:\/\/avantarea.com\/fr\/wp-json\/wp\/v2\/comments?post=86822"}],"wp:featuredmedia":[{"embeddable":true,"href":"https:\/\/avantarea.com\/fr\/wp-json\/wp\/v2\/media\/25252"}],"wp:attachment":[{"href":"https:\/\/avantarea.com\/fr\/wp-json\/wp\/v2\/media?parent=86822"}],"wp:term":[{"taxonomy":"product_brand","embeddable":true,"href":"https:\/\/avantarea.com\/fr\/wp-json\/wp\/v2\/product_brand?post=86822"},{"taxonomy":"product_cat","embeddable":true,"href":"https:\/\/avantarea.com\/fr\/wp-json\/wp\/v2\/product_cat?post=86822"},{"taxonomy":"product_tag","embeddable":true,"href":"https:\/\/avantarea.com\/fr\/wp-json\/wp\/v2\/product_tag?post=86822"}],"curies":[{"name":"wp","href":"https:\/\/api.w.org\/{rel}","templated":true}]}}