{"id":86805,"date":"2023-07-05T15:13:10","date_gmt":"2023-07-05T13:13:10","guid":{"rendered":"https:\/\/nueva.avantarea.com\/?post_type=product&#038;p=86805"},"modified":"2026-02-25T08:25:30","modified_gmt":"2026-02-25T07:25:30","slug":"pack-saignon-doble-lavabo-doble-espejo-capsula-copia","status":"publish","type":"product","link":"https:\/\/avantarea.com\/fr\/producto\/pack-saignon-doble-lavabo-doble-espejo-capsula-copia\/","title":{"rendered":"Pack SAIGNON + double vasque + double miroir capsule"},"content":{"rendered":"<p>Ensemble comprenant un meuble sous-vasque suspendu, une double vasque et un double miroir design capsule.<br \/>\nMeuble sous-vasque suspendu compos\u00e9 d&rsquo;un module \u00e0 deux tiroirs de style minimaliste, avec \u00e9clairage LED int\u00e9gr\u00e9.<br \/>\nMeuble fabriqu\u00e9 en panneau de particules de 19 mm avec rev\u00eatement m\u00e9lamin\u00e9, \u00e9cologique et recyclable. Tiroir m\u00e9tallique \u00e0 double paroi \u00e0 l&rsquo;esth\u00e9tique minimaliste, aux parois fines et aux lignes droites, avec fermeture amortie et une capacit\u00e9 de charge de 25 kg. Tiroir \u00e0 pleine extension et espace arri\u00e8re disponible. \u00c9clairage LED int\u00e9gr\u00e9 dans la partie inf\u00e9rieure du meuble.<br \/>\nDouble vasque en c\u00e9ramique blanche incluse. Double miroir design capsule inclus. Livr\u00e9 mont\u00e9, pr\u00eat \u00e0 \u00eatre fix\u00e9 au mur. Comprend toute la quincaillerie n\u00e9cessaire. Fabriqu\u00e9 en Espagne. Robinet et siphon non inclus.<\/p>\n","protected":false},"excerpt":{"rendered":"<p>Ensemble comprenant un meuble sous-vasque suspendu, une double vasque et un double miroir design capsule. Meuble sous-vasque suspendu compos\u00e9 d&rsquo;un module \u00e0 deux tiroirs de style minimaliste, avec \u00e9clairage LED&#8230;<\/p>\n","protected":false},"featured_media":25312,"comment_status":"closed","ping_status":"closed","template":"","meta":[],"product_brand":[1005],"product_cat":[1170,577],"product_tag":[],"class_list":{"0":"post-86805","1":"product","2":"type-product","3":"status-publish","4":"has-post-thumbnail","6":"product_brand-saignon","7":"product_cat-muebles-de-bano","9":"pa_color-azabache","10":"pa_color-blanco","11":"pa_color-nogal","12":"pa_color-roble","13":"pa_medidas-383","15":"first","16":"instock","17":"purchasable","18":"product-type-variable"},"_links":{"self":[{"href":"https:\/\/avantarea.com\/fr\/wp-json\/wp\/v2\/product\/86805","targetHints":{"allow":["GET"]}}],"collection":[{"href":"https:\/\/avantarea.com\/fr\/wp-json\/wp\/v2\/product"}],"about":[{"href":"https:\/\/avantarea.com\/fr\/wp-json\/wp\/v2\/types\/product"}],"replies":[{"embeddable":true,"href":"https:\/\/avantarea.com\/fr\/wp-json\/wp\/v2\/comments?post=86805"}],"wp:featuredmedia":[{"embeddable":true,"href":"https:\/\/avantarea.com\/fr\/wp-json\/wp\/v2\/media\/25312"}],"wp:attachment":[{"href":"https:\/\/avantarea.com\/fr\/wp-json\/wp\/v2\/media?parent=86805"}],"wp:term":[{"taxonomy":"product_brand","embeddable":true,"href":"https:\/\/avantarea.com\/fr\/wp-json\/wp\/v2\/product_brand?post=86805"},{"taxonomy":"product_cat","embeddable":true,"href":"https:\/\/avantarea.com\/fr\/wp-json\/wp\/v2\/product_cat?post=86805"},{"taxonomy":"product_tag","embeddable":true,"href":"https:\/\/avantarea.com\/fr\/wp-json\/wp\/v2\/product_tag?post=86805"}],"curies":[{"name":"wp","href":"https:\/\/api.w.org\/{rel}","templated":true}]}}