{"id":86800,"date":"2023-07-05T15:15:40","date_gmt":"2023-07-05T13:15:40","guid":{"rendered":"https:\/\/nueva.avantarea.com\/?post_type=product&#038;p=86800"},"modified":"2026-02-25T08:25:30","modified_gmt":"2026-02-25T07:25:30","slug":"pack-mirmande-lavabo-espejo-led-copia","status":"publish","type":"product","link":"https:\/\/avantarea.com\/fr\/producto\/pack-mirmande-lavabo-espejo-led-copia\/","title":{"rendered":"Pack MIRMANDE + lavabo + miroir LED"},"content":{"rendered":"<p>Pack compos\u00e9 d&rsquo;un meuble sous-vasque suspendu, d&rsquo;une vasque et d&rsquo;un miroir LED.<br \/>\nMeuble sous-vasque suspendu compos\u00e9 d&rsquo;un module tiroir et d&rsquo;une fa\u00e7ade fixe sup\u00e9rieure. D\u00e9tail d\u00e9coratif imitation tasseaux.<br \/>\nMeuble fabriqu\u00e9 en panneau de particules de 19 mm avec rev\u00eatement m\u00e9lamin\u00e9, \u00e9cologique et recyclable. Tiroir m\u00e9tallique \u00e0 double paroi \u00e0 l&rsquo;esth\u00e9tique minimaliste, aux parois fines et aux lignes droites, avec fermeture amortie et une capacit\u00e9 de charge de 25 kg. Tiroir \u00e0 pleine extension et espace arri\u00e8re disponible.<br \/>\nVasque en c\u00e9ramique blanche incluse. Miroir LED inclus, IP44, 7,2W, 660 lumens et temp\u00e9rature 6000K. Livr\u00e9 mont\u00e9, pr\u00eat \u00e0 \u00eatre fix\u00e9 au mur. Comprend toute la quincaillerie n\u00e9cessaire. Fabriqu\u00e9 en Espagne. Robinet et siphon non inclus.<\/p>\n","protected":false},"excerpt":{"rendered":"<p>Pack compos\u00e9 d&rsquo;un meuble sous-vasque suspendu, d&rsquo;une vasque et d&rsquo;un miroir LED. Meuble sous-vasque suspendu compos\u00e9 d&rsquo;un module tiroir et d&rsquo;une fa\u00e7ade fixe sup\u00e9rieure. D\u00e9tail d\u00e9coratif imitation tasseaux. Meuble fabriqu\u00e9&#8230;<\/p>\n","protected":false},"featured_media":25324,"comment_status":"closed","ping_status":"open","template":"","meta":[],"product_brand":[1006],"product_cat":[577],"product_tag":[],"class_list":{"0":"post-86800","1":"product","2":"type-product","3":"status-publish","4":"has-post-thumbnail","6":"product_brand-mirmande","7":"product_cat-muebles-de-bano","8":"pa_color-blanco-alcatraz","9":"pa_medidas-369","10":"pa_medidas-378","11":"pa_medidas-383","12":"pa_medidas-370","14":"first","15":"instock","16":"purchasable","17":"product-type-variable"},"_links":{"self":[{"href":"https:\/\/avantarea.com\/fr\/wp-json\/wp\/v2\/product\/86800","targetHints":{"allow":["GET"]}}],"collection":[{"href":"https:\/\/avantarea.com\/fr\/wp-json\/wp\/v2\/product"}],"about":[{"href":"https:\/\/avantarea.com\/fr\/wp-json\/wp\/v2\/types\/product"}],"replies":[{"embeddable":true,"href":"https:\/\/avantarea.com\/fr\/wp-json\/wp\/v2\/comments?post=86800"}],"wp:featuredmedia":[{"embeddable":true,"href":"https:\/\/avantarea.com\/fr\/wp-json\/wp\/v2\/media\/25324"}],"wp:attachment":[{"href":"https:\/\/avantarea.com\/fr\/wp-json\/wp\/v2\/media?parent=86800"}],"wp:term":[{"taxonomy":"product_brand","embeddable":true,"href":"https:\/\/avantarea.com\/fr\/wp-json\/wp\/v2\/product_brand?post=86800"},{"taxonomy":"product_cat","embeddable":true,"href":"https:\/\/avantarea.com\/fr\/wp-json\/wp\/v2\/product_cat?post=86800"},{"taxonomy":"product_tag","embeddable":true,"href":"https:\/\/avantarea.com\/fr\/wp-json\/wp\/v2\/product_tag?post=86800"}],"curies":[{"name":"wp","href":"https:\/\/api.w.org\/{rel}","templated":true}]}}