{"id":86773,"date":"2023-07-05T15:19:12","date_gmt":"2023-07-05T13:19:12","guid":{"rendered":"https:\/\/nueva.avantarea.com\/?post_type=product&#038;p=86773"},"modified":"2026-02-23T08:00:37","modified_gmt":"2026-02-23T07:00:37","slug":"plato-ducha-sobre-marfil-180x80-cm-copia","status":"publish","type":"product","link":"https:\/\/avantarea.com\/fr\/producto\/plato-ducha-sobre-marfil-180x80-cm-copia\/","title":{"rendered":"Receveur de douche SOBRE ivoire 180&#215;80 cm"},"content":{"rendered":"<p>Receveur de douche de qualit\u00e9 sup\u00e9rieure, avec une texture effet ardoise haute d\u00e9finition. Grand nombre de dimensions et de couleurs disponibles.<br \/>\nReceveur antid\u00e9rapant Classe 3 selon la norme UNE-ENV 12633:2003 ANEXO A. CLASE C selon DIN 51097:1992. Conforme \u00e0 la norme fran\u00e7aise XP P 05-010 &#8211; PN 24.<br \/>\nFabriqu\u00e9 \u00e0 partir d&rsquo;un composite \u00e0 base de polyur\u00e9thane et de charges min\u00e9rales.<br \/>\nMat\u00e9riau r\u00e9sistant aux chocs, aux chocs thermiques et r\u00e9sistant \u00e0 l&rsquo;hydrolyse. De plus, c&rsquo;est un mat\u00e9riau antibact\u00e9rien, renfor\u00e7ant l&rsquo;hygi\u00e8ne \u00e0 la maison.<br \/>\nIl peut \u00eatre facilement d\u00e9coup\u00e9 sur mesure pour obtenir la taille appropri\u00e9e. Ainsi, n&rsquo;importe quelle dimension peut \u00eatre adapt\u00e9e \u00e0 l&rsquo;espace souhait\u00e9.<br \/>\nD\u00e9coupe s\u00fbre. Mat\u00e9riau sans silice<br \/>\nBonde incluse. Grille en inox incluse.<\/p>\n","protected":false},"excerpt":{"rendered":"<p>Receveur de douche de qualit\u00e9 sup\u00e9rieure, avec une texture effet ardoise haute d\u00e9finition. Grand nombre de dimensions et de couleurs disponibles. Receveur antid\u00e9rapant Classe 3 selon la norme UNE-ENV 12633:2003&#8230;<\/p>\n","protected":false},"featured_media":25625,"comment_status":"closed","ping_status":"open","template":"","meta":[],"product_brand":[971],"product_cat":[575],"product_tag":[],"class_list":{"0":"post-86773","1":"product","2":"type-product","3":"status-publish","4":"has-post-thumbnail","6":"product_brand-platos-de-ducha","7":"product_cat-accesorios","9":"first","10":"instock","11":"purchasable","12":"product-type-simple"},"_links":{"self":[{"href":"https:\/\/avantarea.com\/fr\/wp-json\/wp\/v2\/product\/86773","targetHints":{"allow":["GET"]}}],"collection":[{"href":"https:\/\/avantarea.com\/fr\/wp-json\/wp\/v2\/product"}],"about":[{"href":"https:\/\/avantarea.com\/fr\/wp-json\/wp\/v2\/types\/product"}],"replies":[{"embeddable":true,"href":"https:\/\/avantarea.com\/fr\/wp-json\/wp\/v2\/comments?post=86773"}],"wp:featuredmedia":[{"embeddable":true,"href":"https:\/\/avantarea.com\/fr\/wp-json\/wp\/v2\/media\/25625"}],"wp:attachment":[{"href":"https:\/\/avantarea.com\/fr\/wp-json\/wp\/v2\/media?parent=86773"}],"wp:term":[{"taxonomy":"product_brand","embeddable":true,"href":"https:\/\/avantarea.com\/fr\/wp-json\/wp\/v2\/product_brand?post=86773"},{"taxonomy":"product_cat","embeddable":true,"href":"https:\/\/avantarea.com\/fr\/wp-json\/wp\/v2\/product_cat?post=86773"},{"taxonomy":"product_tag","embeddable":true,"href":"https:\/\/avantarea.com\/fr\/wp-json\/wp\/v2\/product_tag?post=86773"}],"curies":[{"name":"wp","href":"https:\/\/api.w.org\/{rel}","templated":true}]}}