{"id":86720,"date":"2023-07-05T15:20:16","date_gmt":"2023-07-05T13:20:16","guid":{"rendered":"https:\/\/nueva.avantarea.com\/?post_type=product&#038;p=86720"},"modified":"2026-02-23T07:54:31","modified_gmt":"2026-02-23T06:54:31","slug":"banera-sobre-blanca-170x82-copia","status":"publish","type":"product","link":"https:\/\/avantarea.com\/fr\/producto\/banera-sobre-blanca-170x82-copia\/","title":{"rendered":"Baignoire SOBRE blanche 170&#215;82"},"content":{"rendered":"<p>Baignoire \u00eelot au design curviligne de haute qualit\u00e9 technique.<br \/>\nFabriqu\u00e9e \u00e0 partir d&rsquo;un mat\u00e9riau composite de r\u00e9sine et de pierre de dolomite, r\u00e9sultant en un mat\u00e9riau au toucher doux et d&rsquo;un blanc pur.<br \/>\nCertifi\u00e9 antibact\u00e9rien. R\u00e9sistant aux rayons UV. Haute durabilit\u00e9. R\u00e9sistant aux chocs thermiques. R\u00e9sistance chimique et toucher soyeux.<br \/>\nComprend bonde et siphon.<\/p>\n","protected":false},"excerpt":{"rendered":"<p>Baignoire \u00eelot au design curviligne de haute qualit\u00e9 technique. Fabriqu\u00e9e \u00e0 partir d&rsquo;un mat\u00e9riau composite de r\u00e9sine et de pierre de dolomite, r\u00e9sultant en un mat\u00e9riau au toucher doux et&#8230;<\/p>\n","protected":false},"featured_media":0,"comment_status":"closed","ping_status":"open","template":"","meta":[],"product_brand":[1007],"product_cat":[575],"product_tag":[],"class_list":{"0":"post-86720","1":"product","2":"type-product","3":"status-publish","5":"product_brand-banera","6":"product_cat-accesorios","8":"first","9":"instock","10":"purchasable","11":"product-type-simple"},"_links":{"self":[{"href":"https:\/\/avantarea.com\/fr\/wp-json\/wp\/v2\/product\/86720","targetHints":{"allow":["GET"]}}],"collection":[{"href":"https:\/\/avantarea.com\/fr\/wp-json\/wp\/v2\/product"}],"about":[{"href":"https:\/\/avantarea.com\/fr\/wp-json\/wp\/v2\/types\/product"}],"replies":[{"embeddable":true,"href":"https:\/\/avantarea.com\/fr\/wp-json\/wp\/v2\/comments?post=86720"}],"wp:attachment":[{"href":"https:\/\/avantarea.com\/fr\/wp-json\/wp\/v2\/media?parent=86720"}],"wp:term":[{"taxonomy":"product_brand","embeddable":true,"href":"https:\/\/avantarea.com\/fr\/wp-json\/wp\/v2\/product_brand?post=86720"},{"taxonomy":"product_cat","embeddable":true,"href":"https:\/\/avantarea.com\/fr\/wp-json\/wp\/v2\/product_cat?post=86720"},{"taxonomy":"product_tag","embeddable":true,"href":"https:\/\/avantarea.com\/fr\/wp-json\/wp\/v2\/product_tag?post=86720"}],"curies":[{"name":"wp","href":"https:\/\/api.w.org\/{rel}","templated":true}]}}