{"id":86686,"date":"2023-08-08T23:49:26","date_gmt":"2023-08-08T21:49:26","guid":{"rendered":"https:\/\/nueva.avantarea.com\/?post_type=product&#038;p=86686"},"modified":"2026-02-25T08:25:30","modified_gmt":"2026-02-25T07:25:30","slug":"pack-aspet-lavabo-espejo-circular-copia","status":"publish","type":"product","link":"https:\/\/avantarea.com\/fr\/producto\/pack-aspet-lavabo-espejo-circular-copia\/","title":{"rendered":"Pack ASPET + lavabo + miroir circulaire"},"content":{"rendered":"<p>Pack compos\u00e9 d&rsquo;un meuble sous-vasque suspendu, d&rsquo;une vasque et d&rsquo;un miroir circulaire.<br \/>\nMeuble suspendu compos\u00e9 d&rsquo;un module tiroir avec fa\u00e7ade au design d\u00e9coratif et poign\u00e9e porte-serviettes int\u00e9gr\u00e9e. Meuble fabriqu\u00e9 en panneau de particules de 19 mm avec rev\u00eatement m\u00e9lamin\u00e9, \u00e9cologique et recyclable. Tiroir m\u00e9tallique \u00e0 double paroi \u00e0 l&rsquo;esth\u00e9tique minimaliste, avec des flancs fins et des lignes droites, dot\u00e9 d&rsquo;une fermeture amortie et d&rsquo;une capacit\u00e9 de charge de 25 kg. Tiroir avec accessibilit\u00e9 totale et espace arri\u00e8re disponible.<br \/>\nVasque en c\u00e9ramique blanche incluse. Miroir circulaire inclus. Livr\u00e9 mont\u00e9, pr\u00eat \u00e0 \u00eatre fix\u00e9 au mur. Comprend toute la quincaillerie n\u00e9cessaire. Fabriqu\u00e9 en Espagne. Robinet et siphon non inclus.<\/p>\n","protected":false},"excerpt":{"rendered":"<p>Pack compos\u00e9 d&rsquo;un meuble sous-vasque suspendu, d&rsquo;une vasque et d&rsquo;un miroir circulaire. Meuble suspendu compos\u00e9 d&rsquo;un module tiroir avec fa\u00e7ade au design d\u00e9coratif et poign\u00e9e porte-serviettes int\u00e9gr\u00e9e. Meuble fabriqu\u00e9 en&#8230;<\/p>\n","protected":false},"featured_media":19113,"comment_status":"closed","ping_status":"closed","template":"","meta":[],"product_brand":[935],"product_cat":[1170,736,577],"product_tag":[],"class_list":{"0":"post-86686","1":"product","2":"type-product","3":"status-publish","4":"has-post-thumbnail","6":"product_brand-aspet","7":"product_cat-muebles-de-bano","8":"product_cat-meuble-de-salle-de-bain","10":"pa_color-bardolino","11":"pa_color-blanco-mate","12":"pa_medidas-369","13":"pa_medidas-378","14":"pa_medidas-383","15":"pa_medidas-370","16":"pa_tamano-80000-fr","18":"first","19":"instock","20":"purchasable","21":"product-type-variable"},"_links":{"self":[{"href":"https:\/\/avantarea.com\/fr\/wp-json\/wp\/v2\/product\/86686","targetHints":{"allow":["GET"]}}],"collection":[{"href":"https:\/\/avantarea.com\/fr\/wp-json\/wp\/v2\/product"}],"about":[{"href":"https:\/\/avantarea.com\/fr\/wp-json\/wp\/v2\/types\/product"}],"replies":[{"embeddable":true,"href":"https:\/\/avantarea.com\/fr\/wp-json\/wp\/v2\/comments?post=86686"}],"wp:featuredmedia":[{"embeddable":true,"href":"https:\/\/avantarea.com\/fr\/wp-json\/wp\/v2\/media\/19113"}],"wp:attachment":[{"href":"https:\/\/avantarea.com\/fr\/wp-json\/wp\/v2\/media?parent=86686"}],"wp:term":[{"taxonomy":"product_brand","embeddable":true,"href":"https:\/\/avantarea.com\/fr\/wp-json\/wp\/v2\/product_brand?post=86686"},{"taxonomy":"product_cat","embeddable":true,"href":"https:\/\/avantarea.com\/fr\/wp-json\/wp\/v2\/product_cat?post=86686"},{"taxonomy":"product_tag","embeddable":true,"href":"https:\/\/avantarea.com\/fr\/wp-json\/wp\/v2\/product_tag?post=86686"}],"curies":[{"name":"wp","href":"https:\/\/api.w.org\/{rel}","templated":true}]}}